{"id":2274,"date":"2025-09-28T01:31:23","date_gmt":"2025-09-28T01:31:23","guid":{"rendered":"https:\/\/shopexceptional.shop\/?post_type=product&#038;p=2274"},"modified":"2025-10-12T13:41:23","modified_gmt":"2025-10-12T13:41:23","slug":"flor-de-esgueva-queso-viejo-de-oveja-mini-madurado-en-corteza-natural-1-kg-elaborado-con-leche-cruda","status":"publish","type":"product","link":"https:\/\/shopexceptional.shop\/es\/producto\/flor-de-esgueva-queso-viejo-de-oveja-mini-madurado-en-corteza-natural-1-kg-elaborado-con-leche-cruda\/","title":{"rendered":"FLOR DE ESGUEVA Queso viejo de oveja, mini madurado en corteza natural , 1 kg elaborado con leche cruda"},"content":{"rendered":"<div data-elementor-type=\"product-post\" data-elementor-id=\"2274\" class=\"elementor elementor-2274\" data-elementor-post-type=\"product\">\n\t\t\t\t<div class=\"elementor-element elementor-element-aed344e e-flex e-con-boxed e-con e-parent\" data-id=\"aed344e\" data-element_type=\"container\" data-settings=\"{&quot;ekit_has_onepagescroll_dot&quot;:&quot;yes&quot;}\">\n\t\t\t\t\t<div class=\"e-con-inner\">\n\t\t\t\t<div class=\"elementor-element elementor-element-4149fb3 elementor-widget elementor-widget-image\" data-id=\"4149fb3\" data-element_type=\"widget\" data-settings=\"{&quot;ekit_we_effect_on&quot;:&quot;none&quot;}\" data-widget_type=\"image.default\">\n\t\t\t\t<div class=\"elementor-widget-container\">\n\t\t\t\t\t\t\t\t\t\t\t\t\t\t\t<img fetchpriority=\"high\" decoding=\"async\" width=\"800\" height=\"600\" src=\"https:\/\/shopexceptional.shop\/wp-content\/uploads\/2025\/10\/2.jpg\" class=\"attachment-large size-large wp-image-2312 wvs-archive-product-image\" alt=\"\" srcset=\"https:\/\/shopexceptional.shop\/wp-content\/uploads\/2025\/10\/2.jpg 800w, https:\/\/shopexceptional.shop\/wp-content\/uploads\/2025\/10\/2-300x225.jpg 300w, https:\/\/shopexceptional.shop\/wp-content\/uploads\/2025\/10\/2-768x576.jpg 768w, https:\/\/shopexceptional.shop\/wp-content\/uploads\/2025\/10\/2-16x12.jpg 16w, https:\/\/shopexceptional.shop\/wp-content\/uploads\/2025\/10\/2-110x83.jpg 110w, https:\/\/shopexceptional.shop\/wp-content\/uploads\/2025\/10\/2-60x45.jpg 60w, https:\/\/shopexceptional.shop\/wp-content\/uploads\/2025\/10\/2-600x450.jpg 600w\" sizes=\"(max-width: 800px) 100vw, 800px\" \/>\t\t\t\t\t\t\t\t\t\t\t\t\t\t\t<\/div>\n\t\t\t\t<\/div>\n\t\t\t\t\t<\/div>\n\t\t\t\t<\/div>\n\t\t<div class=\"elementor-element elementor-element-f5f606d e-flex e-con-boxed e-con e-parent\" data-id=\"f5f606d\" data-element_type=\"container\" data-settings=\"{&quot;ekit_has_onepagescroll_dot&quot;:&quot;yes&quot;}\">\n\t\t\t\t\t<div class=\"e-con-inner\">\n\t\t\t\t<div class=\"elementor-element elementor-element-abccfbe elementor-widget elementor-widget-image\" data-id=\"abccfbe\" data-element_type=\"widget\" data-settings=\"{&quot;ekit_we_effect_on&quot;:&quot;none&quot;}\" data-widget_type=\"image.default\">\n\t\t\t\t<div class=\"elementor-widget-container\">\n\t\t\t\t\t\t\t\t\t\t\t\t\t\t\t<img decoding=\"async\" width=\"800\" height=\"600\" src=\"https:\/\/shopexceptional.shop\/wp-content\/uploads\/2025\/10\/3.jpg\" class=\"attachment-large size-large wp-image-2314 wvs-archive-product-image\" alt=\"\" srcset=\"https:\/\/shopexceptional.shop\/wp-content\/uploads\/2025\/10\/3.jpg 800w, https:\/\/shopexceptional.shop\/wp-content\/uploads\/2025\/10\/3-300x225.jpg 300w, https:\/\/shopexceptional.shop\/wp-content\/uploads\/2025\/10\/3-768x576.jpg 768w, https:\/\/shopexceptional.shop\/wp-content\/uploads\/2025\/10\/3-16x12.jpg 16w, https:\/\/shopexceptional.shop\/wp-content\/uploads\/2025\/10\/3-110x83.jpg 110w, https:\/\/shopexceptional.shop\/wp-content\/uploads\/2025\/10\/3-60x45.jpg 60w, https:\/\/shopexceptional.shop\/wp-content\/uploads\/2025\/10\/3-600x450.jpg 600w\" sizes=\"(max-width: 800px) 100vw, 800px\" \/>\t\t\t\t\t\t\t\t\t\t\t\t\t\t\t<\/div>\n\t\t\t\t<\/div>\n\t\t\t\t\t<\/div>\n\t\t\t\t<\/div>\n\t\t<div class=\"elementor-element elementor-element-2dfd19f e-flex e-con-boxed e-con e-parent\" data-id=\"2dfd19f\" data-element_type=\"container\" data-settings=\"{&quot;ekit_has_onepagescroll_dot&quot;:&quot;yes&quot;}\">\n\t\t\t\t\t<div class=\"e-con-inner\">\n\t\t\t\t<div class=\"elementor-element elementor-element-737e8b3 elementor-widget elementor-widget-image\" data-id=\"737e8b3\" data-element_type=\"widget\" data-settings=\"{&quot;ekit_we_effect_on&quot;:&quot;none&quot;}\" data-widget_type=\"image.default\">\n\t\t\t\t<div class=\"elementor-widget-container\">\n\t\t\t\t\t\t\t\t\t\t\t\t\t\t\t<img decoding=\"async\" width=\"800\" height=\"600\" src=\"https:\/\/shopexceptional.shop\/wp-content\/uploads\/2025\/10\/1.jpg\" class=\"attachment-large size-large wp-image-2313 wvs-archive-product-image\" alt=\"\" srcset=\"https:\/\/shopexceptional.shop\/wp-content\/uploads\/2025\/10\/1.jpg 800w, https:\/\/shopexceptional.shop\/wp-content\/uploads\/2025\/10\/1-300x225.jpg 300w, https:\/\/shopexceptional.shop\/wp-content\/uploads\/2025\/10\/1-768x576.jpg 768w, https:\/\/shopexceptional.shop\/wp-content\/uploads\/2025\/10\/1-16x12.jpg 16w, https:\/\/shopexceptional.shop\/wp-content\/uploads\/2025\/10\/1-110x83.jpg 110w, https:\/\/shopexceptional.shop\/wp-content\/uploads\/2025\/10\/1-60x45.jpg 60w, https:\/\/shopexceptional.shop\/wp-content\/uploads\/2025\/10\/1-600x450.jpg 600w\" sizes=\"(max-width: 800px) 100vw, 800px\" \/>\t\t\t\t\t\t\t\t\t\t\t\t\t\t\t<\/div>\n\t\t\t\t<\/div>\n\t\t\t\t<div class=\"elementor-element elementor-element-5b331f5a elementor-widget elementor-widget-text-editor\" data-id=\"5b331f5a\" data-element_type=\"widget\" data-settings=\"{&quot;ekit_we_effect_on&quot;:&quot;none&quot;}\" data-widget_type=\"text-editor.default\">\n\t\t\t\t<div class=\"elementor-widget-container\">\n\t\t\t\t\t\t\t\t\t<ul class=\"a-unordered-list a-vertical a-spacing-mini\"><li class=\"a-spacing-mini\"><span class=\"a-list-item\">Conservar entre +2\u00b0C y +6\u00b0C<\/span><\/li><li class=\"a-spacing-mini\"><span class=\"a-list-item\">Pa\u00eds de origen: Espa\u00f1a<\/span><\/li><li class=\"a-spacing-mini\"><span class=\"a-list-item\">Ingredientes: Leche de oveja, Sal, Conservador E- 252, Cuajo de origen animal (cordero), Fermentos l\u00e1cticos.<\/span><\/li><li class=\"a-spacing-mini\"><span class=\"a-list-item\">Corteza no comestible<\/span><\/li><li class=\"a-spacing-mini\"><span class=\"a-list-item\">Lista para consumir<\/span><\/li><\/ul>\t\t\t\t\t\t\t\t<\/div>\n\t\t\t\t<\/div>\n\t\t\t\t\t<\/div>\n\t\t\t\t<\/div>\n\t\t\t\t<\/div>","protected":false},"excerpt":{"rendered":"<p>Conservar entre +2\u00b0C y +6\u00b0C Pa\u00eds de origen: Espa\u00f1a Ingredientes: Leche de oveja, Sal, Conservador E- 252, Cuajo de origen animal (cordero), Fermentos l\u00e1cticos. Corteza no comestible Listo para consumir<\/p>","protected":false},"featured_media":2275,"comment_status":"open","ping_status":"closed","template":"","meta":{"_acf_changed":false},"product_brand":[],"product_cat":[41],"product_tag":[],"class_list":{"0":"post-2274","1":"product","2":"type-product","3":"status-publish","4":"has-post-thumbnail","6":"product_cat-home-living","8":"first","9":"instock","10":"shipping-taxable","11":"purchasable","12":"product-type-simple"},"acf":[],"_links":{"self":[{"href":"https:\/\/shopexceptional.shop\/es\/wp-json\/wp\/v2\/product\/2274","targetHints":{"allow":["GET"]}}],"collection":[{"href":"https:\/\/shopexceptional.shop\/es\/wp-json\/wp\/v2\/product"}],"about":[{"href":"https:\/\/shopexceptional.shop\/es\/wp-json\/wp\/v2\/types\/product"}],"replies":[{"embeddable":true,"href":"https:\/\/shopexceptional.shop\/es\/wp-json\/wp\/v2\/comments?post=2274"}],"version-history":[{"count":0,"href":"https:\/\/shopexceptional.shop\/es\/wp-json\/wp\/v2\/product\/2274\/revisions"}],"wp:featuredmedia":[{"embeddable":true,"href":"https:\/\/shopexceptional.shop\/es\/wp-json\/wp\/v2\/media\/2275"}],"wp:attachment":[{"href":"https:\/\/shopexceptional.shop\/es\/wp-json\/wp\/v2\/media?parent=2274"}],"wp:term":[{"taxonomy":"product_brand","embeddable":true,"href":"https:\/\/shopexceptional.shop\/es\/wp-json\/wp\/v2\/product_brand?post=2274"},{"taxonomy":"product_cat","embeddable":true,"href":"https:\/\/shopexceptional.shop\/es\/wp-json\/wp\/v2\/product_cat?post=2274"},{"taxonomy":"product_tag","embeddable":true,"href":"https:\/\/shopexceptional.shop\/es\/wp-json\/wp\/v2\/product_tag?post=2274"}],"curies":[{"name":"wp","href":"https:\/\/api.w.org\/{rel}","templated":true}]}}