{"id":2438,"date":"2025-11-07T09:29:02","date_gmt":"2025-11-07T09:29:02","guid":{"rendered":"https:\/\/shopexceptional.shop\/?post_type=product&#038;p=2438"},"modified":"2025-11-07T14:31:00","modified_gmt":"2025-11-07T14:31:00","slug":"tableta-android-pritom-15-de-101-inch-16-gb-de-ram-64-gb-de-rom-con-funda-con-teclado-y-boligrafo-camara-doble-bateria-de-8mp-6000mah-regalo-ideal-para-la-escuela-y-el-dia-a-dia","status":"publish","type":"product","link":"https:\/\/shopexceptional.shop\/es\/producto\/tableta-android-pritom-15-de-101-inch-16-gb-de-ram-64-gb-de-rom-con-funda-con-teclado-y-boligrafo-camara-doble-bateria-de-8mp-6000mah-regalo-ideal-para-la-escuela-y-el-dia-a-dia\/","title":{"rendered":"Tableta Android PRITOM 15 de 10,1 pulgadas, 16 GB de RAM, 64 GB de ROM, con funda con teclado y bol\u00edgrafo, c\u00e1mara doble, bater\u00eda de 8MP, 6000mAh, regalo Ideal para la escuela y el d\u00eda a d\u00eda"},"content":{"rendered":"<p><img fetchpriority=\"high\" decoding=\"async\" src=\"https:\/\/newbotay.shop\/wp-content\/uploads\/2025\/10\/8ce649eaed5140388d93da745caed4c4tplv-aphluv4xwc-resize-webp_800_800-1.webp\" sizes=\"(max-width: 800px) 100vw, 800px\" srcset=\"https:\/\/newbotay.shop\/wp-content\/uploads\/2025\/10\/8ce649eaed5140388d93da745caed4c4tplv-aphluv4xwc-resize-webp_800_800-1.webp 800w, https:\/\/newbotay.shop\/wp-content\/uploads\/2025\/10\/8ce649eaed5140388d93da745caed4c4tplv-aphluv4xwc-resize-webp_800_800-1-300x300.webp 300w, https:\/\/newbotay.shop\/wp-content\/uploads\/2025\/10\/8ce649eaed5140388d93da745caed4c4tplv-aphluv4xwc-resize-webp_800_800-1-150x150.webp 150w, https:\/\/newbotay.shop\/wp-content\/uploads\/2025\/10\/8ce649eaed5140388d93da745caed4c4tplv-aphluv4xwc-resize-webp_800_800-1-768x768.webp 768w, https:\/\/newbotay.shop\/wp-content\/uploads\/2025\/10\/8ce649eaed5140388d93da745caed4c4tplv-aphluv4xwc-resize-webp_800_800-1-12x12.webp 12w, https:\/\/newbotay.shop\/wp-content\/uploads\/2025\/10\/8ce649eaed5140388d93da745caed4c4tplv-aphluv4xwc-resize-webp_800_800-1-60x60.webp 60w, https:\/\/newbotay.shop\/wp-content\/uploads\/2025\/10\/8ce649eaed5140388d93da745caed4c4tplv-aphluv4xwc-resize-webp_800_800-1-110x110.webp 110w, https:\/\/newbotay.shop\/wp-content\/uploads\/2025\/10\/8ce649eaed5140388d93da745caed4c4tplv-aphluv4xwc-resize-webp_800_800-1-600x600.webp 600w, https:\/\/newbotay.shop\/wp-content\/uploads\/2025\/10\/8ce649eaed5140388d93da745caed4c4tplv-aphluv4xwc-resize-webp_800_800-1-130x130.webp 130w\" alt=\"\" width=\"800\" height=\"800\" \/><br \/>\n<img decoding=\"async\" src=\"https:\/\/newbotay.shop\/wp-content\/uploads\/2025\/10\/a5df80f29e504543bc188e9a08f90bbbtplv-t5fjg24jzw-resize-webp_800_800.webp\" sizes=\"(max-width: 800px) 100vw, 800px\" srcset=\"https:\/\/newbotay.shop\/wp-content\/uploads\/2025\/10\/a5df80f29e504543bc188e9a08f90bbbtplv-t5fjg24jzw-resize-webp_800_800.webp 800w, https:\/\/newbotay.shop\/wp-content\/uploads\/2025\/10\/a5df80f29e504543bc188e9a08f90bbbtplv-t5fjg24jzw-resize-webp_800_800-300x300.webp 300w, https:\/\/newbotay.shop\/wp-content\/uploads\/2025\/10\/a5df80f29e504543bc188e9a08f90bbbtplv-t5fjg24jzw-resize-webp_800_800-150x150.webp 150w, https:\/\/newbotay.shop\/wp-content\/uploads\/2025\/10\/a5df80f29e504543bc188e9a08f90bbbtplv-t5fjg24jzw-resize-webp_800_800-768x768.webp 768w, https:\/\/newbotay.shop\/wp-content\/uploads\/2025\/10\/a5df80f29e504543bc188e9a08f90bbbtplv-t5fjg24jzw-resize-webp_800_800-12x12.webp 12w, https:\/\/newbotay.shop\/wp-content\/uploads\/2025\/10\/a5df80f29e504543bc188e9a08f90bbbtplv-t5fjg24jzw-resize-webp_800_800-60x60.webp 60w, https:\/\/newbotay.shop\/wp-content\/uploads\/2025\/10\/a5df80f29e504543bc188e9a08f90bbbtplv-t5fjg24jzw-resize-webp_800_800-110x110.webp 110w, https:\/\/newbotay.shop\/wp-content\/uploads\/2025\/10\/a5df80f29e504543bc188e9a08f90bbbtplv-t5fjg24jzw-resize-webp_800_800-600x600.webp 600w, https:\/\/newbotay.shop\/wp-content\/uploads\/2025\/10\/a5df80f29e504543bc188e9a08f90bbbtplv-t5fjg24jzw-resize-webp_800_800-130x130.webp 130w\" alt=\"\" width=\"800\" height=\"800\" \/><br \/>\n<img decoding=\"async\" src=\"https:\/\/newbotay.shop\/wp-content\/uploads\/2025\/10\/f8f2bf398dc54918841e7ca21b4f5b01tplv-t5fjg24jzw-resize-webp_800_800-1.webp\" sizes=\"(max-width: 800px) 100vw, 800px\" srcset=\"https:\/\/newbotay.shop\/wp-content\/uploads\/2025\/10\/f8f2bf398dc54918841e7ca21b4f5b01tplv-t5fjg24jzw-resize-webp_800_800-1.webp 800w, https:\/\/newbotay.shop\/wp-content\/uploads\/2025\/10\/f8f2bf398dc54918841e7ca21b4f5b01tplv-t5fjg24jzw-resize-webp_800_800-1-300x300.webp 300w, https:\/\/newbotay.shop\/wp-content\/uploads\/2025\/10\/f8f2bf398dc54918841e7ca21b4f5b01tplv-t5fjg24jzw-resize-webp_800_800-1-150x150.webp 150w, https:\/\/newbotay.shop\/wp-content\/uploads\/2025\/10\/f8f2bf398dc54918841e7ca21b4f5b01tplv-t5fjg24jzw-resize-webp_800_800-1-768x768.webp 768w, https:\/\/newbotay.shop\/wp-content\/uploads\/2025\/10\/f8f2bf398dc54918841e7ca21b4f5b01tplv-t5fjg24jzw-resize-webp_800_800-1-12x12.webp 12w, https:\/\/newbotay.shop\/wp-content\/uploads\/2025\/10\/f8f2bf398dc54918841e7ca21b4f5b01tplv-t5fjg24jzw-resize-webp_800_800-1-60x60.webp 60w, https:\/\/newbotay.shop\/wp-content\/uploads\/2025\/10\/f8f2bf398dc54918841e7ca21b4f5b01tplv-t5fjg24jzw-resize-webp_800_800-1-110x110.webp 110w, https:\/\/newbotay.shop\/wp-content\/uploads\/2025\/10\/f8f2bf398dc54918841e7ca21b4f5b01tplv-t5fjg24jzw-resize-webp_800_800-1-600x600.webp 600w, https:\/\/newbotay.shop\/wp-content\/uploads\/2025\/10\/f8f2bf398dc54918841e7ca21b4f5b01tplv-t5fjg24jzw-resize-webp_800_800-1-130x130.webp 130w\" alt=\"\" width=\"800\" height=\"800\" \/><br \/>\n<img loading=\"lazy\" decoding=\"async\" src=\"https:\/\/newbotay.shop\/wp-content\/uploads\/2025\/10\/9681d2e0d94841f187936beae468ddc2tplv-t5fjg24jzw-resize-webp_800_800-1.webp\" sizes=\"(max-width: 800px) 100vw, 800px\" srcset=\"https:\/\/newbotay.shop\/wp-content\/uploads\/2025\/10\/9681d2e0d94841f187936beae468ddc2tplv-t5fjg24jzw-resize-webp_800_800-1.webp 800w, https:\/\/newbotay.shop\/wp-content\/uploads\/2025\/10\/9681d2e0d94841f187936beae468ddc2tplv-t5fjg24jzw-resize-webp_800_800-1-300x300.webp 300w, https:\/\/newbotay.shop\/wp-content\/uploads\/2025\/10\/9681d2e0d94841f187936beae468ddc2tplv-t5fjg24jzw-resize-webp_800_800-1-150x150.webp 150w, https:\/\/newbotay.shop\/wp-content\/uploads\/2025\/10\/9681d2e0d94841f187936beae468ddc2tplv-t5fjg24jzw-resize-webp_800_800-1-768x768.webp 768w, https:\/\/newbotay.shop\/wp-content\/uploads\/2025\/10\/9681d2e0d94841f187936beae468ddc2tplv-t5fjg24jzw-resize-webp_800_800-1-12x12.webp 12w, https:\/\/newbotay.shop\/wp-content\/uploads\/2025\/10\/9681d2e0d94841f187936beae468ddc2tplv-t5fjg24jzw-resize-webp_800_800-1-60x60.webp 60w, https:\/\/newbotay.shop\/wp-content\/uploads\/2025\/10\/9681d2e0d94841f187936beae468ddc2tplv-t5fjg24jzw-resize-webp_800_800-1-110x110.webp 110w, https:\/\/newbotay.shop\/wp-content\/uploads\/2025\/10\/9681d2e0d94841f187936beae468ddc2tplv-t5fjg24jzw-resize-webp_800_800-1-600x600.webp 600w, https:\/\/newbotay.shop\/wp-content\/uploads\/2025\/10\/9681d2e0d94841f187936beae468ddc2tplv-t5fjg24jzw-resize-webp_800_800-1-130x130.webp 130w\" alt=\"\" width=\"800\" height=\"800\" \/><br \/>\n<img loading=\"lazy\" decoding=\"async\" src=\"https:\/\/newbotay.shop\/wp-content\/uploads\/2025\/10\/6670a10bf0944441adef019c498ae171tplv-t5fjg24jzw-resize-webp_800_800.webp\" sizes=\"(max-width: 800px) 100vw, 800px\" srcset=\"https:\/\/newbotay.shop\/wp-content\/uploads\/2025\/10\/6670a10bf0944441adef019c498ae171tplv-t5fjg24jzw-resize-webp_800_800.webp 800w, https:\/\/newbotay.shop\/wp-content\/uploads\/2025\/10\/6670a10bf0944441adef019c498ae171tplv-t5fjg24jzw-resize-webp_800_800-300x300.webp 300w, https:\/\/newbotay.shop\/wp-content\/uploads\/2025\/10\/6670a10bf0944441adef019c498ae171tplv-t5fjg24jzw-resize-webp_800_800-150x150.webp 150w, https:\/\/newbotay.shop\/wp-content\/uploads\/2025\/10\/6670a10bf0944441adef019c498ae171tplv-t5fjg24jzw-resize-webp_800_800-768x768.webp 768w, https:\/\/newbotay.shop\/wp-content\/uploads\/2025\/10\/6670a10bf0944441adef019c498ae171tplv-t5fjg24jzw-resize-webp_800_800-12x12.webp 12w, https:\/\/newbotay.shop\/wp-content\/uploads\/2025\/10\/6670a10bf0944441adef019c498ae171tplv-t5fjg24jzw-resize-webp_800_800-60x60.webp 60w, https:\/\/newbotay.shop\/wp-content\/uploads\/2025\/10\/6670a10bf0944441adef019c498ae171tplv-t5fjg24jzw-resize-webp_800_800-110x110.webp 110w, https:\/\/newbotay.shop\/wp-content\/uploads\/2025\/10\/6670a10bf0944441adef019c498ae171tplv-t5fjg24jzw-resize-webp_800_800-600x600.webp 600w, https:\/\/newbotay.shop\/wp-content\/uploads\/2025\/10\/6670a10bf0944441adef019c498ae171tplv-t5fjg24jzw-resize-webp_800_800-130x130.webp 130w\" alt=\"\" width=\"800\" height=\"800\" \/><br \/>\n<img loading=\"lazy\" decoding=\"async\" src=\"https:\/\/newbotay.shop\/wp-content\/uploads\/2025\/10\/960ac5499404422bb1e5078d56ce3fe5tplv-t5fjg24jzw-resize-webp_800_800.webp\" sizes=\"(max-width: 800px) 100vw, 800px\" srcset=\"https:\/\/newbotay.shop\/wp-content\/uploads\/2025\/10\/960ac5499404422bb1e5078d56ce3fe5tplv-t5fjg24jzw-resize-webp_800_800.webp 800w, https:\/\/newbotay.shop\/wp-content\/uploads\/2025\/10\/960ac5499404422bb1e5078d56ce3fe5tplv-t5fjg24jzw-resize-webp_800_800-300x300.webp 300w, https:\/\/newbotay.shop\/wp-content\/uploads\/2025\/10\/960ac5499404422bb1e5078d56ce3fe5tplv-t5fjg24jzw-resize-webp_800_800-150x150.webp 150w, https:\/\/newbotay.shop\/wp-content\/uploads\/2025\/10\/960ac5499404422bb1e5078d56ce3fe5tplv-t5fjg24jzw-resize-webp_800_800-768x768.webp 768w, https:\/\/newbotay.shop\/wp-content\/uploads\/2025\/10\/960ac5499404422bb1e5078d56ce3fe5tplv-t5fjg24jzw-resize-webp_800_800-12x12.webp 12w, https:\/\/newbotay.shop\/wp-content\/uploads\/2025\/10\/960ac5499404422bb1e5078d56ce3fe5tplv-t5fjg24jzw-resize-webp_800_800-60x60.webp 60w, https:\/\/newbotay.shop\/wp-content\/uploads\/2025\/10\/960ac5499404422bb1e5078d56ce3fe5tplv-t5fjg24jzw-resize-webp_800_800-110x110.webp 110w, https:\/\/newbotay.shop\/wp-content\/uploads\/2025\/10\/960ac5499404422bb1e5078d56ce3fe5tplv-t5fjg24jzw-resize-webp_800_800-600x600.webp 600w, https:\/\/newbotay.shop\/wp-content\/uploads\/2025\/10\/960ac5499404422bb1e5078d56ce3fe5tplv-t5fjg24jzw-resize-webp_800_800-130x130.webp 130w\" alt=\"\" width=\"800\" height=\"800\" \/><\/p>\n<ul>\n<li>Android Tablet 14: la innovacion a mano:Descubre la tableta Android 14Ofreciendo una experiencia de usuario inteligente y eficiente. Con rendimiento mejorado y mayor seguridad, esta equipado con Android 14. La certificacion MSG garantiza un acceso sin problemas a los servicios de Google para una experiencia perfecta e integrada. Perfecto para la escuela y la vida cotidiana, es un regalo ideal.<\/li>\n<li>Rendimiento Excepcional:8 GB de RAM+ 64 GB de ROM Garantizan un rendimiento excepcional. El procesador Octa-Core garantiza un set, transmisi\u00f3n, navegaci\u00f3n y reproducci\u00f3n fluidos. Con suficiente memoria para pel\u00edculas, materiales de aprendizaje y archivos importantes, esta tableta est\u00e1 preparada para un uso intensivo.<\/li>\n<li>Modelo de Vida y Camaras:Bateria de 6ooo mAh Para uso durante todo el dia. Dos c\u00e1maras: una frontal de 2 MP y una trasera de 8 MP para v\u00eddeo y fotos. La pantalla HD-IPS (1280 x 800) proporciona im\u00e1genes claras. Disfruta de una experiencia de sonido mejorada con Dual-BOx-Lautsprecher y un conector para auriculares de 3,5 mm.<\/li>\n<li>Conectividad Avanzada:Certificaci\u00f3n WLAN de doble bandaBluetooth 5,2 y Widevine L1 proporcionan conexiones rapidas y transmisi\u00f3n HD. Ideal para primera clase Unterhaltungserlebnis.La inscripci\u00f3n \"TOUCH 10 Plus\" en la protecci\u00f3n de la pantalla se refiere al modelo del dispositivo, no a la versi\u00f3n de Android.<\/li>\n<\/ul>","protected":false},"excerpt":{"rendered":"<p>Android Tablet 14: la innovacion a mano:Descubre la tableta Android 14Ofreciendo una experiencia de usuario inteligente y eficiente. Con rendimiento mejorado y mayor seguridad, esta equipado con con Android 14. La certificacion MSG garantiza un acceso sin problemas a los servicios de Google para una experiencia perfecta e integrada. Perfecto para la escuela y la [&hellip;]<\/p>","protected":false},"featured_media":2439,"comment_status":"open","ping_status":"closed","template":"","meta":{"_acf_changed":false},"product_brand":[],"product_cat":[41],"product_tag":[],"class_list":{"0":"post-2438","1":"product","2":"type-product","3":"status-publish","4":"has-post-thumbnail","6":"product_cat-home-living","8":"first","9":"instock","10":"shipping-taxable","11":"purchasable","12":"product-type-simple"},"acf":[],"_links":{"self":[{"href":"https:\/\/shopexceptional.shop\/es\/wp-json\/wp\/v2\/product\/2438","targetHints":{"allow":["GET"]}}],"collection":[{"href":"https:\/\/shopexceptional.shop\/es\/wp-json\/wp\/v2\/product"}],"about":[{"href":"https:\/\/shopexceptional.shop\/es\/wp-json\/wp\/v2\/types\/product"}],"replies":[{"embeddable":true,"href":"https:\/\/shopexceptional.shop\/es\/wp-json\/wp\/v2\/comments?post=2438"}],"version-history":[{"count":0,"href":"https:\/\/shopexceptional.shop\/es\/wp-json\/wp\/v2\/product\/2438\/revisions"}],"wp:featuredmedia":[{"embeddable":true,"href":"https:\/\/shopexceptional.shop\/es\/wp-json\/wp\/v2\/media\/2439"}],"wp:attachment":[{"href":"https:\/\/shopexceptional.shop\/es\/wp-json\/wp\/v2\/media?parent=2438"}],"wp:term":[{"taxonomy":"product_brand","embeddable":true,"href":"https:\/\/shopexceptional.shop\/es\/wp-json\/wp\/v2\/product_brand?post=2438"},{"taxonomy":"product_cat","embeddable":true,"href":"https:\/\/shopexceptional.shop\/es\/wp-json\/wp\/v2\/product_cat?post=2438"},{"taxonomy":"product_tag","embeddable":true,"href":"https:\/\/shopexceptional.shop\/es\/wp-json\/wp\/v2\/product_tag?post=2438"}],"curies":[{"name":"wp","href":"https:\/\/api.w.org\/{rel}","templated":true}]}}