{"id":2453,"date":"2025-11-09T02:13:39","date_gmt":"2025-11-09T02:13:39","guid":{"rendered":"https:\/\/shopexceptional.shop\/?post_type=product&#038;p=2453"},"modified":"2025-11-09T02:20:56","modified_gmt":"2025-11-09T02:20:56","slug":"aldous-ashwagandha-gominolas-120-gummies-sabor-cereza-ashwagandha-ksm-66-withania-somnifera-relajacion-natural-y-bienestar-energia-y-vitalidad-para-los-amantes-de-las-gominolas","status":"publish","type":"product","link":"https:\/\/shopexceptional.shop\/es\/producto\/aldous-ashwagandha-gominolas-120-gummies-sabor-cereza-ashwagandha-ksm-66-withania-somnifera-relajacion-natural-y-bienestar-energia-y-vitalidad-para-los-amantes-de-las-gominolas\/","title":{"rendered":"Aldous Ashwagandha Gominolas | 120 Gominolas sabor Cereza | Ashwagandha KSM-66 | Withania Somn\u00edfera | Relajaci\u00f3n Natural y Bienestar | Energ\u00eda y Vitalidad | Para los amantes de las gominolas"},"content":{"rendered":"<p><img fetchpriority=\"high\" decoding=\"async\" src=\"https:\/\/newbotay.shop\/wp-content\/uploads\/2025\/10\/e60a42d0-29f9-4f4a-851c-ee78409e6fcd.__CR001464600_PT0_SX1464_V1___-1024x420.jpg\" sizes=\"(max-width: 1024px) 100vw, 1024px\" srcset=\"https:\/\/newbotay.shop\/wp-content\/uploads\/2025\/10\/e60a42d0-29f9-4f4a-851c-ee78409e6fcd.__CR001464600_PT0_SX1464_V1___-1024x420.jpg 1024w, https:\/\/newbotay.shop\/wp-content\/uploads\/2025\/10\/e60a42d0-29f9-4f4a-851c-ee78409e6fcd.__CR001464600_PT0_SX1464_V1___-300x123.jpg 300w, https:\/\/newbotay.shop\/wp-content\/uploads\/2025\/10\/e60a42d0-29f9-4f4a-851c-ee78409e6fcd.__CR001464600_PT0_SX1464_V1___-768x315.jpg 768w, https:\/\/newbotay.shop\/wp-content\/uploads\/2025\/10\/e60a42d0-29f9-4f4a-851c-ee78409e6fcd.__CR001464600_PT0_SX1464_V1___-18x7.jpg 18w, https:\/\/newbotay.shop\/wp-content\/uploads\/2025\/10\/e60a42d0-29f9-4f4a-851c-ee78409e6fcd.__CR001464600_PT0_SX1464_V1___-60x25.jpg 60w, https:\/\/newbotay.shop\/wp-content\/uploads\/2025\/10\/e60a42d0-29f9-4f4a-851c-ee78409e6fcd.__CR001464600_PT0_SX1464_V1___-110x45.jpg 110w, https:\/\/newbotay.shop\/wp-content\/uploads\/2025\/10\/e60a42d0-29f9-4f4a-851c-ee78409e6fcd.__CR001464600_PT0_SX1464_V1___-600x246.jpg 600w, https:\/\/newbotay.shop\/wp-content\/uploads\/2025\/10\/e60a42d0-29f9-4f4a-851c-ee78409e6fcd.__CR001464600_PT0_SX1464_V1___-130x53.jpg 130w, https:\/\/newbotay.shop\/wp-content\/uploads\/2025\/10\/e60a42d0-29f9-4f4a-851c-ee78409e6fcd.__CR001464600_PT0_SX1464_V1___.jpg 1464w\" alt=\"\" width=\"1024\" height=\"420\" \/><br \/>\n<img decoding=\"async\" src=\"https:\/\/newbotay.shop\/wp-content\/uploads\/2025\/10\/635fbf6e-ce28-405d-8876-9d8aba5639c8.__CR001464600_PT0_SX1464_V1___-1024x420.jpg\" sizes=\"(max-width: 1024px) 100vw, 1024px\" srcset=\"https:\/\/newbotay.shop\/wp-content\/uploads\/2025\/10\/635fbf6e-ce28-405d-8876-9d8aba5639c8.__CR001464600_PT0_SX1464_V1___-1024x420.jpg 1024w, https:\/\/newbotay.shop\/wp-content\/uploads\/2025\/10\/635fbf6e-ce28-405d-8876-9d8aba5639c8.__CR001464600_PT0_SX1464_V1___-300x123.jpg 300w, https:\/\/newbotay.shop\/wp-content\/uploads\/2025\/10\/635fbf6e-ce28-405d-8876-9d8aba5639c8.__CR001464600_PT0_SX1464_V1___-768x315.jpg 768w, https:\/\/newbotay.shop\/wp-content\/uploads\/2025\/10\/635fbf6e-ce28-405d-8876-9d8aba5639c8.__CR001464600_PT0_SX1464_V1___-18x7.jpg 18w, https:\/\/newbotay.shop\/wp-content\/uploads\/2025\/10\/635fbf6e-ce28-405d-8876-9d8aba5639c8.__CR001464600_PT0_SX1464_V1___-60x25.jpg 60w, https:\/\/newbotay.shop\/wp-content\/uploads\/2025\/10\/635fbf6e-ce28-405d-8876-9d8aba5639c8.__CR001464600_PT0_SX1464_V1___-110x45.jpg 110w, https:\/\/newbotay.shop\/wp-content\/uploads\/2025\/10\/635fbf6e-ce28-405d-8876-9d8aba5639c8.__CR001464600_PT0_SX1464_V1___-600x246.jpg 600w, https:\/\/newbotay.shop\/wp-content\/uploads\/2025\/10\/635fbf6e-ce28-405d-8876-9d8aba5639c8.__CR001464600_PT0_SX1464_V1___-130x53.jpg 130w, https:\/\/newbotay.shop\/wp-content\/uploads\/2025\/10\/635fbf6e-ce28-405d-8876-9d8aba5639c8.__CR001464600_PT0_SX1464_V1___.jpg 1464w\" alt=\"\" width=\"1024\" height=\"420\" \/><br \/>\n<img decoding=\"async\" src=\"https:\/\/newbotay.shop\/wp-content\/uploads\/2025\/10\/dd326e40e12e4a02bf25cf7dc4121190tplv-tulkllf4y5-resize-webp_800_800.webp\" sizes=\"(max-width: 800px) 100vw, 800px\" srcset=\"https:\/\/newbotay.shop\/wp-content\/uploads\/2025\/10\/dd326e40e12e4a02bf25cf7dc4121190tplv-tulkllf4y5-resize-webp_800_800.webp 800w, https:\/\/newbotay.shop\/wp-content\/uploads\/2025\/10\/dd326e40e12e4a02bf25cf7dc4121190tplv-tulkllf4y5-resize-webp_800_800-300x300.webp 300w, https:\/\/newbotay.shop\/wp-content\/uploads\/2025\/10\/dd326e40e12e4a02bf25cf7dc4121190tplv-tulkllf4y5-resize-webp_800_800-150x150.webp 150w, https:\/\/newbotay.shop\/wp-content\/uploads\/2025\/10\/dd326e40e12e4a02bf25cf7dc4121190tplv-tulkllf4y5-resize-webp_800_800-768x768.webp 768w, https:\/\/newbotay.shop\/wp-content\/uploads\/2025\/10\/dd326e40e12e4a02bf25cf7dc4121190tplv-tulkllf4y5-resize-webp_800_800-12x12.webp 12w, https:\/\/newbotay.shop\/wp-content\/uploads\/2025\/10\/dd326e40e12e4a02bf25cf7dc4121190tplv-tulkllf4y5-resize-webp_800_800-60x60.webp 60w, https:\/\/newbotay.shop\/wp-content\/uploads\/2025\/10\/dd326e40e12e4a02bf25cf7dc4121190tplv-tulkllf4y5-resize-webp_800_800-110x110.webp 110w, https:\/\/newbotay.shop\/wp-content\/uploads\/2025\/10\/dd326e40e12e4a02bf25cf7dc4121190tplv-tulkllf4y5-resize-webp_800_800-600x600.webp 600w, https:\/\/newbotay.shop\/wp-content\/uploads\/2025\/10\/dd326e40e12e4a02bf25cf7dc4121190tplv-tulkllf4y5-resize-webp_800_800-130x130.webp 130w\" alt=\"\" width=\"800\" height=\"800\" \/><br \/>\n<img loading=\"lazy\" decoding=\"async\" src=\"https:\/\/newbotay.shop\/wp-content\/uploads\/2025\/10\/ff0f432eb2374b139171b57c060d170ctplv-tulkllf4y5-resize-webp_800_800-1.webp\" sizes=\"(max-width: 800px) 100vw, 800px\" srcset=\"https:\/\/newbotay.shop\/wp-content\/uploads\/2025\/10\/ff0f432eb2374b139171b57c060d170ctplv-tulkllf4y5-resize-webp_800_800-1.webp 800w, https:\/\/newbotay.shop\/wp-content\/uploads\/2025\/10\/ff0f432eb2374b139171b57c060d170ctplv-tulkllf4y5-resize-webp_800_800-1-300x300.webp 300w, https:\/\/newbotay.shop\/wp-content\/uploads\/2025\/10\/ff0f432eb2374b139171b57c060d170ctplv-tulkllf4y5-resize-webp_800_800-1-150x150.webp 150w, https:\/\/newbotay.shop\/wp-content\/uploads\/2025\/10\/ff0f432eb2374b139171b57c060d170ctplv-tulkllf4y5-resize-webp_800_800-1-768x768.webp 768w, https:\/\/newbotay.shop\/wp-content\/uploads\/2025\/10\/ff0f432eb2374b139171b57c060d170ctplv-tulkllf4y5-resize-webp_800_800-1-12x12.webp 12w, https:\/\/newbotay.shop\/wp-content\/uploads\/2025\/10\/ff0f432eb2374b139171b57c060d170ctplv-tulkllf4y5-resize-webp_800_800-1-60x60.webp 60w, https:\/\/newbotay.shop\/wp-content\/uploads\/2025\/10\/ff0f432eb2374b139171b57c060d170ctplv-tulkllf4y5-resize-webp_800_800-1-110x110.webp 110w, https:\/\/newbotay.shop\/wp-content\/uploads\/2025\/10\/ff0f432eb2374b139171b57c060d170ctplv-tulkllf4y5-resize-webp_800_800-1-600x600.webp 600w, https:\/\/newbotay.shop\/wp-content\/uploads\/2025\/10\/ff0f432eb2374b139171b57c060d170ctplv-tulkllf4y5-resize-webp_800_800-1-130x130.webp 130w\" alt=\"\" width=\"800\" height=\"800\" \/><br \/>\n<img loading=\"lazy\" decoding=\"async\" src=\"https:\/\/newbotay.shop\/wp-content\/uploads\/2025\/10\/59d5070e872d489da846e5c9dff1ebf1tplv-tulkllf4y5-resize-webp_800_800-1.webp\" sizes=\"(max-width: 800px) 100vw, 800px\" srcset=\"https:\/\/newbotay.shop\/wp-content\/uploads\/2025\/10\/59d5070e872d489da846e5c9dff1ebf1tplv-tulkllf4y5-resize-webp_800_800-1.webp 800w, https:\/\/newbotay.shop\/wp-content\/uploads\/2025\/10\/59d5070e872d489da846e5c9dff1ebf1tplv-tulkllf4y5-resize-webp_800_800-1-300x300.webp 300w, https:\/\/newbotay.shop\/wp-content\/uploads\/2025\/10\/59d5070e872d489da846e5c9dff1ebf1tplv-tulkllf4y5-resize-webp_800_800-1-150x150.webp 150w, https:\/\/newbotay.shop\/wp-content\/uploads\/2025\/10\/59d5070e872d489da846e5c9dff1ebf1tplv-tulkllf4y5-resize-webp_800_800-1-768x768.webp 768w, https:\/\/newbotay.shop\/wp-content\/uploads\/2025\/10\/59d5070e872d489da846e5c9dff1ebf1tplv-tulkllf4y5-resize-webp_800_800-1-12x12.webp 12w, https:\/\/newbotay.shop\/wp-content\/uploads\/2025\/10\/59d5070e872d489da846e5c9dff1ebf1tplv-tulkllf4y5-resize-webp_800_800-1-60x60.webp 60w, https:\/\/newbotay.shop\/wp-content\/uploads\/2025\/10\/59d5070e872d489da846e5c9dff1ebf1tplv-tulkllf4y5-resize-webp_800_800-1-110x110.webp 110w, https:\/\/newbotay.shop\/wp-content\/uploads\/2025\/10\/59d5070e872d489da846e5c9dff1ebf1tplv-tulkllf4y5-resize-webp_800_800-1-600x600.webp 600w, https:\/\/newbotay.shop\/wp-content\/uploads\/2025\/10\/59d5070e872d489da846e5c9dff1ebf1tplv-tulkllf4y5-resize-webp_800_800-1-130x130.webp 130w\" alt=\"\" width=\"800\" height=\"800\" \/><\/p>\n<ul>\n<li>\ud83d\udcab GOMINOLAS ASHWAGANDHA KSM-66 ESPECTRO COMPLETO - Las gominolas ashwagandha Aldous promueven el bienestar f\u00edsico y mental. Cada gominola tiene sabor natural a cereza y al sabor caracter\u00edstico de la ashwagandha. Cada gominola contiene 104,17mg de extracto de Ashwagandha ksm-66 de la india de calidad premium. El extracto KSM-66 tiene una concentraci\u00f3n mas alta que los dem\u00e1s extractos de ashwagandha polvo sin ksm66 que a\u00f1aden las hojas de la planta al extracto y son de m\u00e1s baja concentraci\u00f3n.<\/li>\n<li>\ud83d\udca4 ASHWAGANDHA GUMMIES RELAJANTES NATURALES - La ashwaganda es un suplemento alimenticio conocido en el mundo ayurv\u00e9dico por sus propiedades naturales. Nuestras gominolas de ashwagandha ayudan a conciliar el sue\u00f1o, evitando el insomnio, contribuyendo a que el cuerpo se adapte a los factores de estr\u00e9s, mejorando el estado de \u00e1nimo y aumentando la hormona de la felicidad.<\/li>\n<li>\u2b50 ASHWAGANDHA GOMINOLAS ENERG\u00cdA Y BIENESTAR - Las gominolas Ashwagandha Aldous son el perfecto revitalizante para tener m\u00e1s energ\u00eda, combatir el cansancio, mejorar el estado de \u00e1nimo, la memoria y la cognici\u00f3n. Ayudan a reducir la inflamaci\u00f3n y, gracias a sus propiedades reducen la aparici\u00f3n de dolor y molestias. En la medicina ayurv\u00e9dica, la ashwagandha, se considera un afrodisiaco natural para hombre y mujer.<\/li>\n<li>\ud83c\udf31 PARA LOS AMANTES DE LAS GOMINOLAS - Nuestro suplemento vitaminico masticable en gominolas es una alternativa a las pastillas o los productos en polvo. Las gominolas de Aldous son veganas, no testadas en animales, sin gluten, sin lactosa, sin gelatina animal y libres de OMG. Tambi\u00e9n sin aromas, colorantes ni edulcorantes artificiales. Tienen sabor natural a cereza y un bajo contenido en az\u00facar. Adem\u00e1s, con tan s\u00f3lo 1 gominola antes de dormir obtendr\u00e1s la dosis diaria durante 4 meses.<\/li>\n<li>\u267b\ufe0f GOMINOLAS VEGANAS LIBRES DE PL\u00c1STICO CON ENVASE DE METAL REUTILIZABLE. FABRICADO EN ESPA\u00d1A - Los alimentos envasados en pl\u00e1stico corren el riesgo de que sustancias como el bisfenol A y ftalatos se liberen del envase y contaminen el producto envasado. Evita ingerir productos en contacto prolongado con pl\u00e1stico. Con las gummies Aldous, evitar\u00e1s este riesgo ya que no utilizamos pl\u00e1stico y podr\u00e1s dar una segunda vida a nuestro envase met\u00e1lico reutiliz\u00e1ndolo como m\u00e1s te guste.<\/li>\n<\/ul>","protected":false},"excerpt":{"rendered":"<p>\ud83d\udcab GOMINOLAS ASHWAGANDHA KSM-66 ESPECTRO COMPLETO &#8211; Las ashwagandha gominolas Aldous promueven el bienestar f\u00edsico y mental. Cada gominola tiene sabor natural a cereza y al sabor caracter\u00edstico de la ashwagandha. Cada gominola contiene 104,17mg de extracto de Ashwagandha ksm-66 de la india de calidad premium. El extracto KSM-66 tiene una concentraci\u00f3n mas alta que [&hellip;]<\/p>","protected":false},"featured_media":2454,"comment_status":"open","ping_status":"closed","template":"","meta":{"_acf_changed":false},"product_brand":[],"product_cat":[41],"product_tag":[],"class_list":{"0":"post-2453","1":"product","2":"type-product","3":"status-publish","4":"has-post-thumbnail","6":"product_cat-home-living","8":"first","9":"instock","10":"shipping-taxable","11":"purchasable","12":"product-type-simple"},"acf":[],"_links":{"self":[{"href":"https:\/\/shopexceptional.shop\/es\/wp-json\/wp\/v2\/product\/2453","targetHints":{"allow":["GET"]}}],"collection":[{"href":"https:\/\/shopexceptional.shop\/es\/wp-json\/wp\/v2\/product"}],"about":[{"href":"https:\/\/shopexceptional.shop\/es\/wp-json\/wp\/v2\/types\/product"}],"replies":[{"embeddable":true,"href":"https:\/\/shopexceptional.shop\/es\/wp-json\/wp\/v2\/comments?post=2453"}],"version-history":[{"count":0,"href":"https:\/\/shopexceptional.shop\/es\/wp-json\/wp\/v2\/product\/2453\/revisions"}],"wp:featuredmedia":[{"embeddable":true,"href":"https:\/\/shopexceptional.shop\/es\/wp-json\/wp\/v2\/media\/2454"}],"wp:attachment":[{"href":"https:\/\/shopexceptional.shop\/es\/wp-json\/wp\/v2\/media?parent=2453"}],"wp:term":[{"taxonomy":"product_brand","embeddable":true,"href":"https:\/\/shopexceptional.shop\/es\/wp-json\/wp\/v2\/product_brand?post=2453"},{"taxonomy":"product_cat","embeddable":true,"href":"https:\/\/shopexceptional.shop\/es\/wp-json\/wp\/v2\/product_cat?post=2453"},{"taxonomy":"product_tag","embeddable":true,"href":"https:\/\/shopexceptional.shop\/es\/wp-json\/wp\/v2\/product_tag?post=2453"}],"curies":[{"name":"wp","href":"https:\/\/api.w.org\/{rel}","templated":true}]}}