{"id":2489,"date":"2025-11-17T05:27:11","date_gmt":"2025-11-17T05:27:11","guid":{"rendered":"https:\/\/shopexceptional.shop\/?post_type=product&#038;p=2489"},"modified":"2025-12-19T18:09:30","modified_gmt":"2025-12-19T18:09:30","slug":"flor-de-esgueva-queso-viejo-de-oveja-mini-madurado-en-corteza-natural-1-kg-elaborado-con-leche-cruda-2","status":"publish","type":"product","link":"https:\/\/shopexceptional.shop\/es\/producto\/flor-de-esgueva-queso-viejo-de-oveja-mini-madurado-en-corteza-natural-1-kg-elaborado-con-leche-cruda-2\/","title":{"rendered":"FLOR DE ESGUEVA Queso viejo de oveja, mini madurado en corteza natural , 1 kg elaborado con leche cruda"},"content":{"rendered":"<div data-elementor-type=\"product-post\" data-elementor-id=\"2489\" class=\"elementor elementor-2489\" data-elementor-post-type=\"product\">\n\t\t\t\t<div class=\"elementor-element elementor-element-4c8ad5e2 e-flex e-con-boxed e-con e-parent\" data-id=\"4c8ad5e2\" data-element_type=\"container\" data-settings=\"{&quot;ekit_has_onepagescroll_dot&quot;:&quot;yes&quot;}\">\n\t\t\t\t\t<div class=\"e-con-inner\">\n\t\t\t\t<div class=\"elementor-element elementor-element-45e95d3 elementor-widget elementor-widget-image\" data-id=\"45e95d3\" data-element_type=\"widget\" data-settings=\"{&quot;ekit_we_effect_on&quot;:&quot;none&quot;}\" data-widget_type=\"image.default\">\n\t\t\t\t<div class=\"elementor-widget-container\">\n\t\t\t\t\t\t\t\t\t\t\t\t\t\t\t<img fetchpriority=\"high\" decoding=\"async\" width=\"800\" height=\"600\" src=\"https:\/\/shopexceptional.shop\/wp-content\/uploads\/2025\/12\/1.webp\" class=\"attachment-large size-large wp-image-2551 wvs-archive-product-image\" alt=\"\" srcset=\"https:\/\/shopexceptional.shop\/wp-content\/uploads\/2025\/12\/1.webp 800w, https:\/\/shopexceptional.shop\/wp-content\/uploads\/2025\/12\/1-300x225.webp 300w, https:\/\/shopexceptional.shop\/wp-content\/uploads\/2025\/12\/1-768x576.webp 768w, https:\/\/shopexceptional.shop\/wp-content\/uploads\/2025\/12\/1-16x12.webp 16w, https:\/\/shopexceptional.shop\/wp-content\/uploads\/2025\/12\/1-110x83.webp 110w, https:\/\/shopexceptional.shop\/wp-content\/uploads\/2025\/12\/1-60x45.webp 60w, https:\/\/shopexceptional.shop\/wp-content\/uploads\/2025\/12\/1-600x450.webp 600w\" sizes=\"(max-width: 800px) 100vw, 800px\" \/>\t\t\t\t\t\t\t\t\t\t\t\t\t\t\t<\/div>\n\t\t\t\t<\/div>\n\t\t\t\t<div class=\"elementor-element elementor-element-7847f3b elementor-widget elementor-widget-image\" data-id=\"7847f3b\" data-element_type=\"widget\" data-settings=\"{&quot;ekit_we_effect_on&quot;:&quot;none&quot;}\" data-widget_type=\"image.default\">\n\t\t\t\t<div class=\"elementor-widget-container\">\n\t\t\t\t\t\t\t\t\t\t\t\t\t\t\t<img decoding=\"async\" width=\"800\" height=\"600\" src=\"https:\/\/shopexceptional.shop\/wp-content\/uploads\/2025\/12\/2.webp\" class=\"attachment-large size-large wp-image-2552 wvs-archive-product-image\" alt=\"\" srcset=\"https:\/\/shopexceptional.shop\/wp-content\/uploads\/2025\/12\/2.webp 800w, https:\/\/shopexceptional.shop\/wp-content\/uploads\/2025\/12\/2-300x225.webp 300w, https:\/\/shopexceptional.shop\/wp-content\/uploads\/2025\/12\/2-768x576.webp 768w, https:\/\/shopexceptional.shop\/wp-content\/uploads\/2025\/12\/2-16x12.webp 16w, https:\/\/shopexceptional.shop\/wp-content\/uploads\/2025\/12\/2-110x83.webp 110w, https:\/\/shopexceptional.shop\/wp-content\/uploads\/2025\/12\/2-60x45.webp 60w, https:\/\/shopexceptional.shop\/wp-content\/uploads\/2025\/12\/2-600x450.webp 600w\" sizes=\"(max-width: 800px) 100vw, 800px\" \/>\t\t\t\t\t\t\t\t\t\t\t\t\t\t\t<\/div>\n\t\t\t\t<\/div>\n\t\t\t\t<div class=\"elementor-element elementor-element-88c6e90 elementor-widget elementor-widget-image\" data-id=\"88c6e90\" data-element_type=\"widget\" data-settings=\"{&quot;ekit_we_effect_on&quot;:&quot;none&quot;}\" data-widget_type=\"image.default\">\n\t\t\t\t<div class=\"elementor-widget-container\">\n\t\t\t\t\t\t\t\t\t\t\t\t\t\t\t<img decoding=\"async\" width=\"800\" height=\"600\" src=\"https:\/\/shopexceptional.shop\/wp-content\/uploads\/2025\/12\/3.webp\" class=\"attachment-large size-large wp-image-2553 wvs-archive-product-image\" alt=\"\" srcset=\"https:\/\/shopexceptional.shop\/wp-content\/uploads\/2025\/12\/3.webp 800w, https:\/\/shopexceptional.shop\/wp-content\/uploads\/2025\/12\/3-300x225.webp 300w, https:\/\/shopexceptional.shop\/wp-content\/uploads\/2025\/12\/3-768x576.webp 768w, https:\/\/shopexceptional.shop\/wp-content\/uploads\/2025\/12\/3-16x12.webp 16w, https:\/\/shopexceptional.shop\/wp-content\/uploads\/2025\/12\/3-110x83.webp 110w, https:\/\/shopexceptional.shop\/wp-content\/uploads\/2025\/12\/3-60x45.webp 60w, https:\/\/shopexceptional.shop\/wp-content\/uploads\/2025\/12\/3-600x450.webp 600w\" sizes=\"(max-width: 800px) 100vw, 800px\" \/>\t\t\t\t\t\t\t\t\t\t\t\t\t\t\t<\/div>\n\t\t\t\t<\/div>\n\t\t\t\t<div class=\"elementor-element elementor-element-7d7dbedf elementor-widget elementor-widget-text-editor\" data-id=\"7d7dbedf\" data-element_type=\"widget\" data-settings=\"{&quot;ekit_we_effect_on&quot;:&quot;none&quot;}\" data-widget_type=\"text-editor.default\">\n\t\t\t\t<div class=\"elementor-widget-container\">\n\t\t\t\t\t\t\t\t\t<ul><li>Conservar entre +2\u00b0C y +6\u00b0C<\/li><li>Pa\u00eds de origen: Espa\u00f1a<\/li><li>Ingredientes: Leche de oveja, Sal, Conservador E- 252, Cuajo de origen animal (cordero), Fermentos l\u00e1cticos.<\/li><li>Corteza no comestible<\/li><li>Lista para consumir<\/li><\/ul>\t\t\t\t\t\t\t\t<\/div>\n\t\t\t\t<\/div>\n\t\t\t\t\t<\/div>\n\t\t\t\t<\/div>\n\t\t\t\t<\/div>","protected":false},"excerpt":{"rendered":"<p>Conservar entre +2\u00b0C y +6\u00b0C Pa\u00eds de origen: Espa\u00f1a Ingredientes: Leche de oveja, Sal, Conservador E- 252, Cuajo de origen animal (cordero), Fermentos l\u00e1cticos. Corteza no comestible Listo para consumir<\/p>","protected":false},"featured_media":2275,"comment_status":"open","ping_status":"closed","template":"","meta":{"_acf_changed":false},"product_brand":[],"product_cat":[55],"product_tag":[],"class_list":{"0":"post-2489","1":"product","2":"type-product","3":"status-publish","4":"has-post-thumbnail","6":"product_cat-best-seller","8":"first","9":"instock","10":"sale","11":"shipping-taxable","12":"purchasable","13":"product-type-simple"},"acf":[],"_links":{"self":[{"href":"https:\/\/shopexceptional.shop\/es\/wp-json\/wp\/v2\/product\/2489","targetHints":{"allow":["GET"]}}],"collection":[{"href":"https:\/\/shopexceptional.shop\/es\/wp-json\/wp\/v2\/product"}],"about":[{"href":"https:\/\/shopexceptional.shop\/es\/wp-json\/wp\/v2\/types\/product"}],"replies":[{"embeddable":true,"href":"https:\/\/shopexceptional.shop\/es\/wp-json\/wp\/v2\/comments?post=2489"}],"version-history":[{"count":0,"href":"https:\/\/shopexceptional.shop\/es\/wp-json\/wp\/v2\/product\/2489\/revisions"}],"wp:featuredmedia":[{"embeddable":true,"href":"https:\/\/shopexceptional.shop\/es\/wp-json\/wp\/v2\/media\/2275"}],"wp:attachment":[{"href":"https:\/\/shopexceptional.shop\/es\/wp-json\/wp\/v2\/media?parent=2489"}],"wp:term":[{"taxonomy":"product_brand","embeddable":true,"href":"https:\/\/shopexceptional.shop\/es\/wp-json\/wp\/v2\/product_brand?post=2489"},{"taxonomy":"product_cat","embeddable":true,"href":"https:\/\/shopexceptional.shop\/es\/wp-json\/wp\/v2\/product_cat?post=2489"},{"taxonomy":"product_tag","embeddable":true,"href":"https:\/\/shopexceptional.shop\/es\/wp-json\/wp\/v2\/product_tag?post=2489"}],"curies":[{"name":"wp","href":"https:\/\/api.w.org\/{rel}","templated":true}]}}