{"id":2492,"date":"2025-11-21T08:58:24","date_gmt":"2025-11-21T08:58:24","guid":{"rendered":"https:\/\/shopexceptional.shop\/?post_type=product&#038;p=2492"},"modified":"2025-11-21T09:00:47","modified_gmt":"2025-11-21T09:00:47","slug":"prettylittlething-2025-beauty-advent-calendar-worth-206","status":"publish","type":"product","link":"https:\/\/shopexceptional.shop\/es\/producto\/prettylittlething-2025-beauty-advent-calendar-worth-206\/","title":{"rendered":"PRETTYLITTHING 2025 Calendario de Adviento de Belleza (Valorado en 206\u00a4)"},"content":{"rendered":"<p><img fetchpriority=\"high\" decoding=\"async\" width=\"800\" height=\"800\" src=\"https:\/\/newbotay.shop\/wp-content\/uploads\/2025\/11\/02c1310c0e5c4952bd334d394a071d3atplv-t5fjg24jzw-resize-jpeg_800_800-1.jpeg\" alt=\"\" srcset=\"https:\/\/newbotay.shop\/wp-content\/uploads\/2025\/11\/02c1310c0e5c4952bd334d394a071d3atplv-t5fjg24jzw-resize-jpeg_800_800-1.jpeg 800w, https:\/\/newbotay.shop\/wp-content\/uploads\/2025\/11\/02c1310c0e5c4952bd334d394a071d3atplv-t5fjg24jzw-resize-jpeg_800_800-1-300x300.jpeg 300w, https:\/\/newbotay.shop\/wp-content\/uploads\/2025\/11\/02c1310c0e5c4952bd334d394a071d3atplv-t5fjg24jzw-resize-jpeg_800_800-1-150x150.jpeg 150w, https:\/\/newbotay.shop\/wp-content\/uploads\/2025\/11\/02c1310c0e5c4952bd334d394a071d3atplv-t5fjg24jzw-resize-jpeg_800_800-1-768x768.jpeg 768w, https:\/\/newbotay.shop\/wp-content\/uploads\/2025\/11\/02c1310c0e5c4952bd334d394a071d3atplv-t5fjg24jzw-resize-jpeg_800_800-1-12x12.jpeg 12w, https:\/\/newbotay.shop\/wp-content\/uploads\/2025\/11\/02c1310c0e5c4952bd334d394a071d3atplv-t5fjg24jzw-resize-jpeg_800_800-1-60x60.jpeg 60w, https:\/\/newbotay.shop\/wp-content\/uploads\/2025\/11\/02c1310c0e5c4952bd334d394a071d3atplv-t5fjg24jzw-resize-jpeg_800_800-1-110x110.jpeg 110w, https:\/\/newbotay.shop\/wp-content\/uploads\/2025\/11\/02c1310c0e5c4952bd334d394a071d3atplv-t5fjg24jzw-resize-jpeg_800_800-1-600x600.jpeg 600w, https:\/\/newbotay.shop\/wp-content\/uploads\/2025\/11\/02c1310c0e5c4952bd334d394a071d3atplv-t5fjg24jzw-resize-jpeg_800_800-1-130x130.jpeg 130w\" sizes=\"(max-width: 800px) 100vw, 800px\" \/><br \/>\n\t\t\t\t\t\t\t\t\t\t\t\t\t<img decoding=\"async\" width=\"800\" height=\"800\" src=\"https:\/\/newbotay.shop\/wp-content\/uploads\/2025\/11\/67cb865badd140deb9aec9d724067daatplv-t5fjg24jzw-resize-jpeg_800_800-1.jpeg\" alt=\"\" srcset=\"https:\/\/newbotay.shop\/wp-content\/uploads\/2025\/11\/67cb865badd140deb9aec9d724067daatplv-t5fjg24jzw-resize-jpeg_800_800-1.jpeg 800w, https:\/\/newbotay.shop\/wp-content\/uploads\/2025\/11\/67cb865badd140deb9aec9d724067daatplv-t5fjg24jzw-resize-jpeg_800_800-1-300x300.jpeg 300w, https:\/\/newbotay.shop\/wp-content\/uploads\/2025\/11\/67cb865badd140deb9aec9d724067daatplv-t5fjg24jzw-resize-jpeg_800_800-1-150x150.jpeg 150w, https:\/\/newbotay.shop\/wp-content\/uploads\/2025\/11\/67cb865badd140deb9aec9d724067daatplv-t5fjg24jzw-resize-jpeg_800_800-1-768x768.jpeg 768w, https:\/\/newbotay.shop\/wp-content\/uploads\/2025\/11\/67cb865badd140deb9aec9d724067daatplv-t5fjg24jzw-resize-jpeg_800_800-1-12x12.jpeg 12w, https:\/\/newbotay.shop\/wp-content\/uploads\/2025\/11\/67cb865badd140deb9aec9d724067daatplv-t5fjg24jzw-resize-jpeg_800_800-1-60x60.jpeg 60w, https:\/\/newbotay.shop\/wp-content\/uploads\/2025\/11\/67cb865badd140deb9aec9d724067daatplv-t5fjg24jzw-resize-jpeg_800_800-1-110x110.jpeg 110w, https:\/\/newbotay.shop\/wp-content\/uploads\/2025\/11\/67cb865badd140deb9aec9d724067daatplv-t5fjg24jzw-resize-jpeg_800_800-1-600x600.jpeg 600w, https:\/\/newbotay.shop\/wp-content\/uploads\/2025\/11\/67cb865badd140deb9aec9d724067daatplv-t5fjg24jzw-resize-jpeg_800_800-1-130x130.jpeg 130w\" sizes=\"(max-width: 800px) 100vw, 800px\" \/><br \/>\n\t\t\t\t\t\t\t\t\t\t\t\t\t<img decoding=\"async\" width=\"800\" height=\"800\" src=\"https:\/\/newbotay.shop\/wp-content\/uploads\/2025\/11\/5284d09317284f9db7fc596a0fa174cetplv-t5fjg24jzw-resize-webp_800_800-1.webp\" alt=\"\" srcset=\"https:\/\/newbotay.shop\/wp-content\/uploads\/2025\/11\/5284d09317284f9db7fc596a0fa174cetplv-t5fjg24jzw-resize-webp_800_800-1.webp 800w, https:\/\/newbotay.shop\/wp-content\/uploads\/2025\/11\/5284d09317284f9db7fc596a0fa174cetplv-t5fjg24jzw-resize-webp_800_800-1-300x300.webp 300w, https:\/\/newbotay.shop\/wp-content\/uploads\/2025\/11\/5284d09317284f9db7fc596a0fa174cetplv-t5fjg24jzw-resize-webp_800_800-1-150x150.webp 150w, https:\/\/newbotay.shop\/wp-content\/uploads\/2025\/11\/5284d09317284f9db7fc596a0fa174cetplv-t5fjg24jzw-resize-webp_800_800-1-768x768.webp 768w, https:\/\/newbotay.shop\/wp-content\/uploads\/2025\/11\/5284d09317284f9db7fc596a0fa174cetplv-t5fjg24jzw-resize-webp_800_800-1-12x12.webp 12w, https:\/\/newbotay.shop\/wp-content\/uploads\/2025\/11\/5284d09317284f9db7fc596a0fa174cetplv-t5fjg24jzw-resize-webp_800_800-1-60x60.webp 60w, https:\/\/newbotay.shop\/wp-content\/uploads\/2025\/11\/5284d09317284f9db7fc596a0fa174cetplv-t5fjg24jzw-resize-webp_800_800-1-110x110.webp 110w, https:\/\/newbotay.shop\/wp-content\/uploads\/2025\/11\/5284d09317284f9db7fc596a0fa174cetplv-t5fjg24jzw-resize-webp_800_800-1-600x600.webp 600w, https:\/\/newbotay.shop\/wp-content\/uploads\/2025\/11\/5284d09317284f9db7fc596a0fa174cetplv-t5fjg24jzw-resize-webp_800_800-1-130x130.webp 130w\" sizes=\"(max-width: 800px) 100vw, 800px\" \/><br \/>\n\t\tCuenta atr\u00e1s para la Navidad con estilo con el Calendario de Adviento de Belleza PrettyLittleThing 2025, valorado en 206 euros. Repleto de 24 regalos de belleza, este calendario es la mejor manera de hacer que cada d\u00eda de diciembre sea un poco m\u00e1s m\u00e1gico. En su interior, encontrar\u00e1s una mezcla de ensue\u00f1o de productos b\u00e1sicos para el cuidado de la piel, productos de maquillaje imprescindibles y productos esenciales para el cuidado personal de tus marcas de belleza favoritas, perfectos para aumentar tu glamour y luminosidad durante todas las fiestas. Ya sea para regalar a alguien especial o para darte un capricho (\u00bfpor qu\u00e9 no?), este calendario tiene todo lo que necesitas para brillar. Valorado en 206 euros, pero disponible por mucho menos, es la ganga de belleza que no querr\u00e1 perderse. Muestra de lujo Peter Thomas Roth Instant Firm X Eye 5ml? Esponja de maquillaje Brushworks Blending Drops? Diadema Sunkissed? Land of Lashes Nudelash 9? Pa\u00f1o desmaquillante Brushworks? PROJECT LIP - Perfilador de labios Plump and Fill? Beauty Works Argan Serum 30ml? Revolution Pout Bomb Plumping Gloss Glaze Clear? D\u00fao de polvos triangulares Brushworks? Mermade Claw Clip Transparente? Brushworks Microfibre Wrist Wash Bands? Oh My Lash Faux Mink Lashes Best Life? Colorete en barra Doll Smash Devotion? \u00bfBrocha bronceadora Filter? M\u00e1scara satinada para dormir Brushworks? Made by Mitchell Blursh Lights ?C Donuts? \u00bfPixi Hello Kitty Lip Tone? Pegamento para pesta\u00f1as sin l\u00e1tex Oh My Lash<\/p>","protected":false},"excerpt":{"rendered":"<p>Cuenta atr\u00e1s para la Navidad con estilo con el Calendario de Adviento de Belleza PrettyLittleThing 2025, valorado en 206 euros. Repleto de 24 regalos de belleza, este calendario es la mejor manera de hacer que cada d\u00eda de diciembre sea un poco m\u00e1s m\u00e1gico. En su interior encontrar\u00e1s una mezcla de ensue\u00f1o de productos b\u00e1sicos para el cuidado de la piel, productos de maquillaje imprescindibles y productos de cuidado personal de tus marcas de belleza favoritas, perfectos para [...].<\/p>","protected":false},"featured_media":2493,"comment_status":"open","ping_status":"closed","template":"","meta":{"_acf_changed":false},"product_brand":[],"product_cat":[41],"product_tag":[],"class_list":{"0":"post-2492","1":"product","2":"type-product","3":"status-publish","4":"has-post-thumbnail","6":"product_cat-home-living","8":"first","9":"instock","10":"sale","11":"shipping-taxable","12":"purchasable","13":"product-type-simple"},"acf":[],"_links":{"self":[{"href":"https:\/\/shopexceptional.shop\/es\/wp-json\/wp\/v2\/product\/2492","targetHints":{"allow":["GET"]}}],"collection":[{"href":"https:\/\/shopexceptional.shop\/es\/wp-json\/wp\/v2\/product"}],"about":[{"href":"https:\/\/shopexceptional.shop\/es\/wp-json\/wp\/v2\/types\/product"}],"replies":[{"embeddable":true,"href":"https:\/\/shopexceptional.shop\/es\/wp-json\/wp\/v2\/comments?post=2492"}],"version-history":[{"count":0,"href":"https:\/\/shopexceptional.shop\/es\/wp-json\/wp\/v2\/product\/2492\/revisions"}],"wp:featuredmedia":[{"embeddable":true,"href":"https:\/\/shopexceptional.shop\/es\/wp-json\/wp\/v2\/media\/2493"}],"wp:attachment":[{"href":"https:\/\/shopexceptional.shop\/es\/wp-json\/wp\/v2\/media?parent=2492"}],"wp:term":[{"taxonomy":"product_brand","embeddable":true,"href":"https:\/\/shopexceptional.shop\/es\/wp-json\/wp\/v2\/product_brand?post=2492"},{"taxonomy":"product_cat","embeddable":true,"href":"https:\/\/shopexceptional.shop\/es\/wp-json\/wp\/v2\/product_cat?post=2492"},{"taxonomy":"product_tag","embeddable":true,"href":"https:\/\/shopexceptional.shop\/es\/wp-json\/wp\/v2\/product_tag?post=2492"}],"curies":[{"name":"wp","href":"https:\/\/api.w.org\/{rel}","templated":true}]}}