{"id":2563,"date":"2025-12-24T02:51:56","date_gmt":"2025-12-24T02:51:56","guid":{"rendered":"https:\/\/shopexceptional.shop\/?post_type=product&#038;p=2563"},"modified":"2026-02-06T18:38:03","modified_gmt":"2026-02-06T18:38:03","slug":"ledone-baliza-v16-obligatoria-dgt-2026-luz-de-emergencia-led-one-connected-con-conectividad-nb-iot-y-gps-preciso-eco-friendly-y-compacta","status":"publish","type":"product","link":"https:\/\/shopexceptional.shop\/es\/producto\/ledone-baliza-v16-obligatoria-dgt-2026-luz-de-emergencia-led-one-connected-con-conectividad-nb-iot-y-gps-preciso-eco-friendly-y-compacta\/","title":{"rendered":"LEDONE Baliza V16 Obligatoria DGT 2026 - Luz de Emergencia LED ONE Connected con Conectividad NB-IoT y GPS Preciso - ECO Friendly y Compacta"},"content":{"rendered":"<p><img fetchpriority=\"high\" decoding=\"async\" class=\"aligncenter\" src=\"https:\/\/shopexceptional.shop\/wp-content\/uploads\/2025\/12\/8856d7bd-4158-49b0-96c7-22ef5ffb4b4c.__CR00970600_PT0_SX970_V1.jpg\" sizes=\"(max-width: 800px) 100vw, 800px\" srcset=\"https:\/\/shopexceptional.shop\/wp-content\/uploads\/2025\/12\/8856d7bd-4158-49b0-96c7-22ef5ffb4b4c.__CR00970600_PT0_SX970_V1.jpg 970w, https:\/\/shopexceptional.shop\/wp-content\/uploads\/2025\/12\/8856d7bd-4158-49b0-96c7-22ef5ffb4b4c.__CR00970600_PT0_SX970_V1___-300x186.jpg 300w, https:\/\/shopexceptional.shop\/wp-content\/uploads\/2025\/12\/8856d7bd-4158-49b0-96c7-22ef5ffb4b4c.__CR00970600_PT0_SX970_V1___-768x475.jpg 768w, https:\/\/shopexceptional.shop\/wp-content\/uploads\/2025\/12\/8856d7bd-4158-49b0-96c7-22ef5ffb4b4c.__CR00970600_PT0_SX970_V1___-600x371.jpg 600w\" alt=\"\" width=\"800\" height=\"495\" \/><br \/>\n<img decoding=\"async\" class=\"aligncenter\" src=\"https:\/\/shopexceptional.shop\/wp-content\/uploads\/2025\/12\/2500e00a-52c4-4121-a1d5-5caa417e434d.__CR00970600_PT0_SX970_V1.jpg\" sizes=\"(max-width: 800px) 100vw, 800px\" srcset=\"https:\/\/shopexceptional.shop\/wp-content\/uploads\/2025\/12\/2500e00a-52c4-4121-a1d5-5caa417e434d.__CR00970600_PT0_SX970_V1.jpg 970w, https:\/\/shopexceptional.shop\/wp-content\/uploads\/2025\/12\/2500e00a-52c4-4121-a1d5-5caa417e434d.__CR00970600_PT0_SX970_V1___-300x186.jpg 300w, https:\/\/shopexceptional.shop\/wp-content\/uploads\/2025\/12\/2500e00a-52c4-4121-a1d5-5caa417e434d.__CR00970600_PT0_SX970_V1___-768x475.jpg 768w, https:\/\/shopexceptional.shop\/wp-content\/uploads\/2025\/12\/2500e00a-52c4-4121-a1d5-5caa417e434d.__CR00970600_PT0_SX970_V1___-600x371.jpg 600w\" alt=\"\" width=\"800\" height=\"495\" \/><br \/>\n<img decoding=\"async\" class=\"aligncenter\" src=\"https:\/\/shopexceptional.shop\/wp-content\/uploads\/2025\/12\/1e5ab9d8-6c9a-454e-9442-dd9f2b90d984.__CR00970600_PT0_SX970_V1.jpg\" sizes=\"(max-width: 800px) 100vw, 800px\" srcset=\"https:\/\/shopexceptional.shop\/wp-content\/uploads\/2025\/12\/1e5ab9d8-6c9a-454e-9442-dd9f2b90d984.__CR00970600_PT0_SX970_V1.jpg 970w, https:\/\/shopexceptional.shop\/wp-content\/uploads\/2025\/12\/1e5ab9d8-6c9a-454e-9442-dd9f2b90d984.__CR00970600_PT0_SX970_V1___-300x186.jpg 300w, https:\/\/shopexceptional.shop\/wp-content\/uploads\/2025\/12\/1e5ab9d8-6c9a-454e-9442-dd9f2b90d984.__CR00970600_PT0_SX970_V1___-768x475.jpg 768w, https:\/\/shopexceptional.shop\/wp-content\/uploads\/2025\/12\/1e5ab9d8-6c9a-454e-9442-dd9f2b90d984.__CR00970600_PT0_SX970_V1___-600x371.jpg 600w\" alt=\"\" width=\"800\" height=\"495\" \/><br \/>\n<img loading=\"lazy\" decoding=\"async\" class=\"aligncenter\" src=\"https:\/\/shopexceptional.shop\/wp-content\/uploads\/2025\/12\/b36e3ca8-4fb2-4866-862c-cdadc5a592a2.__CR00970600_PT0_SX970_V1.jpg\" sizes=\"(max-width: 800px) 100vw, 800px\" srcset=\"https:\/\/shopexceptional.shop\/wp-content\/uploads\/2025\/12\/b36e3ca8-4fb2-4866-862c-cdadc5a592a2.__CR00970600_PT0_SX970_V1.jpg 970w, https:\/\/shopexceptional.shop\/wp-content\/uploads\/2025\/12\/b36e3ca8-4fb2-4866-862c-cdadc5a592a2.__CR00970600_PT0_SX970_V1___-300x186.jpg 300w, https:\/\/shopexceptional.shop\/wp-content\/uploads\/2025\/12\/b36e3ca8-4fb2-4866-862c-cdadc5a592a2.__CR00970600_PT0_SX970_V1___-768x475.jpg 768w, https:\/\/shopexceptional.shop\/wp-content\/uploads\/2025\/12\/b36e3ca8-4fb2-4866-862c-cdadc5a592a2.__CR00970600_PT0_SX970_V1___-600x371.jpg 600w\" alt=\"\" width=\"800\" height=\"495\" \/><\/p>\n<ul>\n<li>Adoptada y conectada a la DGT: Esta baliza V16 homologada por la DGT cumple con la normativa obligatoria de seguridad vial a partir de 2026 y cuenta con una conexi\u00f3n integrada para alertar a otros conductores sobre tu ubicaci\u00f3n y evitar accidentes.<\/li>\n<li>eSIM an\u00f3nima: Con nuestra l\u00e1mpara de geolocalizaci\u00f3n v16, puede disponer de se\u00f1alizaci\u00f3n de emergencia conectada a la red inteligente sin coste adicional hasta 2038. Esto permite que su ubicaci\u00f3n se env\u00ede autom\u00e1ticamente en situaciones de emergencia.<\/li>\n<li>\ud83d\udc75REEMPLAZA EL TRI\u00c1NGULO DE AVISO: A partir de 2026, esta baliza geolocalizadora V16 homologada por la DGT sustituir\u00e1 a los tri\u00e1ngulos de aviso. Son los \u00fanicos ejemplares v\u00e1lidos y obligatorios para detectar incidencias con mayor seguridad desde el veh\u00edculo.<\/li>\n<li>GEOLOCALIZACI\u00d3N AVANZADA 3.0: Esta L\u00e1mpara de Emergencia V16 con baliza de fijaci\u00f3n magn\u00e9tica env\u00eda tu posici\u00f3n en tiempo real a la DGT (Direcci\u00f3n General de Tr\u00e1fico), permitiendo ser localizado de forma r\u00e1pida y eficaz en cualquier circunstancia. Bombilla v16 homologada por la DGT con geolocalizaci\u00f3n<\/li>\n<li>\ud83d\udca1PODEROSA ILUMINACI\u00d3N: Nuestra l\u00e1mpara de geolocalizaci\u00f3n v16 cuenta con potentes luces LED que emiten destellos visibles a m\u00e1s de 1 km de distancia. Por lo que te garantiza la m\u00e1xima seguridad tanto de d\u00eda como de noche.<\/li>\n<\/ul>","protected":false},"excerpt":{"rendered":"<p>Adoptada y conectada a la DGT: Esta baliza v16 homologada por la DGT cumple con la normativa obligatoria de seguridad vial a partir de 2026 y cuenta con conexi\u00f3n integrada para alertar a otros conductores sobre tu ubicaci\u00f3n y evitar accidentes. eSIM an\u00f3nima: Con nuestra baliza v16 con geolocalizaci\u00f3n, podr\u00e1s disponer de se\u00f1alizaci\u00f3n de emergencia conectada a la red inteligente sin coste adicional hasta 2038. Esta [...]<\/p>","protected":false},"featured_media":2564,"comment_status":"open","ping_status":"closed","template":"","meta":{"_acf_changed":false},"product_brand":[],"product_cat":[65,35],"product_tag":[],"class_list":{"0":"post-2563","1":"product","2":"type-product","3":"status-publish","4":"has-post-thumbnail","6":"product_cat-f","7":"product_cat-sale","9":"first","10":"instock","11":"sale","12":"shipping-taxable","13":"purchasable","14":"product-type-simple"},"acf":[],"_links":{"self":[{"href":"https:\/\/shopexceptional.shop\/es\/wp-json\/wp\/v2\/product\/2563","targetHints":{"allow":["GET"]}}],"collection":[{"href":"https:\/\/shopexceptional.shop\/es\/wp-json\/wp\/v2\/product"}],"about":[{"href":"https:\/\/shopexceptional.shop\/es\/wp-json\/wp\/v2\/types\/product"}],"replies":[{"embeddable":true,"href":"https:\/\/shopexceptional.shop\/es\/wp-json\/wp\/v2\/comments?post=2563"}],"version-history":[{"count":0,"href":"https:\/\/shopexceptional.shop\/es\/wp-json\/wp\/v2\/product\/2563\/revisions"}],"wp:featuredmedia":[{"embeddable":true,"href":"https:\/\/shopexceptional.shop\/es\/wp-json\/wp\/v2\/media\/2564"}],"wp:attachment":[{"href":"https:\/\/shopexceptional.shop\/es\/wp-json\/wp\/v2\/media?parent=2563"}],"wp:term":[{"taxonomy":"product_brand","embeddable":true,"href":"https:\/\/shopexceptional.shop\/es\/wp-json\/wp\/v2\/product_brand?post=2563"},{"taxonomy":"product_cat","embeddable":true,"href":"https:\/\/shopexceptional.shop\/es\/wp-json\/wp\/v2\/product_cat?post=2563"},{"taxonomy":"product_tag","embeddable":true,"href":"https:\/\/shopexceptional.shop\/es\/wp-json\/wp\/v2\/product_tag?post=2563"}],"curies":[{"name":"wp","href":"https:\/\/api.w.org\/{rel}","templated":true}]}}