{"id":2762,"date":"2026-03-28T03:51:12","date_gmt":"2026-03-28T03:51:12","guid":{"rendered":"https:\/\/shopexceptional.shop\/?post_type=product&#038;p=2762"},"modified":"2026-03-28T04:18:22","modified_gmt":"2026-03-28T04:18:22","slug":"bqaugen-fairy-manga-kit-de-pestanas-actualizado-banda-invisible-ultrafina-anime-diy-individuales-extensiones-pestanas-impermeable-adhesivo-removedor-cosmetico-maquillaje-k-beauty","status":"publish","type":"product","link":"https:\/\/shopexceptional.shop\/es\/producto\/bqaugen-fairy-manga-kit-de-pestanas-actualizado-banda-invisible-ultrafina-anime-diy-individuales-extensiones-pestanas-impermeable-adhesivo-removedor-cosmetico-maquillaje-k-beauty\/","title":{"rendered":"B&amp;Qaugen Fairy Manga Kit De Pesta\u00f1as | Actualizado Banda Invisible Ultrafina | Anime DIY Individuales Extensiones Pesta\u00f1as | Impermeable Adhesivo &amp; Removedor | Cosm\u00e9tico Maquillaje K Beauty"},"content":{"rendered":"<div data-elementor-type=\"product-post\" data-elementor-id=\"2762\" class=\"elementor elementor-2762\" data-elementor-post-type=\"product\">\n\t\t\t\t<div class=\"elementor-element elementor-element-4912793 e-flex e-con-boxed e-con e-parent\" data-id=\"4912793\" data-element_type=\"container\" data-settings=\"{&quot;ekit_has_onepagescroll_dot&quot;:&quot;yes&quot;}\">\n\t\t\t\t\t<div class=\"e-con-inner\">\n\t\t\t\t<div class=\"elementor-element elementor-element-3ac0810a elementor-widget elementor-widget-image\" data-id=\"3ac0810a\" data-element_type=\"widget\" data-settings=\"{&quot;ekit_we_effect_on&quot;:&quot;none&quot;}\" data-widget_type=\"image.default\">\n\t\t\t\t<div class=\"elementor-widget-container\">\n\t\t\t\t\t\t\t\t\t\t\t\t\t\t\t<img fetchpriority=\"high\" decoding=\"async\" width=\"1464\" height=\"600\" src=\"https:\/\/shopexceptional.shop\/wp-content\/uploads\/2026\/03\/e5c82df5-6b67-4a0a-a497-596e11bde13e.__CR001464600_PT0_SX1464_V1___.jpg\" class=\"attachment-full size-full wp-image-2774 wvs-archive-product-image\" alt=\"\" srcset=\"https:\/\/shopexceptional.shop\/wp-content\/uploads\/2026\/03\/e5c82df5-6b67-4a0a-a497-596e11bde13e.__CR001464600_PT0_SX1464_V1___.jpg 1464w, https:\/\/shopexceptional.shop\/wp-content\/uploads\/2026\/03\/e5c82df5-6b67-4a0a-a497-596e11bde13e.__CR001464600_PT0_SX1464_V1___-300x123.jpg 300w, https:\/\/shopexceptional.shop\/wp-content\/uploads\/2026\/03\/e5c82df5-6b67-4a0a-a497-596e11bde13e.__CR001464600_PT0_SX1464_V1___-1024x420.jpg 1024w, https:\/\/shopexceptional.shop\/wp-content\/uploads\/2026\/03\/e5c82df5-6b67-4a0a-a497-596e11bde13e.__CR001464600_PT0_SX1464_V1___-768x315.jpg 768w, https:\/\/shopexceptional.shop\/wp-content\/uploads\/2026\/03\/e5c82df5-6b67-4a0a-a497-596e11bde13e.__CR001464600_PT0_SX1464_V1___-18x7.jpg 18w, https:\/\/shopexceptional.shop\/wp-content\/uploads\/2026\/03\/e5c82df5-6b67-4a0a-a497-596e11bde13e.__CR001464600_PT0_SX1464_V1___-110x45.jpg 110w, https:\/\/shopexceptional.shop\/wp-content\/uploads\/2026\/03\/e5c82df5-6b67-4a0a-a497-596e11bde13e.__CR001464600_PT0_SX1464_V1___-60x25.jpg 60w, https:\/\/shopexceptional.shop\/wp-content\/uploads\/2026\/03\/e5c82df5-6b67-4a0a-a497-596e11bde13e.__CR001464600_PT0_SX1464_V1___-600x246.jpg 600w\" sizes=\"(max-width: 1464px) 100vw, 1464px\" \/>\t\t\t\t\t\t\t\t\t\t\t\t\t\t\t<\/div>\n\t\t\t\t<\/div>\n\t\t\t\t<div class=\"elementor-element elementor-element-4898b99e elementor--h-position-center elementor--v-position-middle elementor-arrows-position-inside elementor-pagination-position-inside elementor-widget elementor-widget-slides\" data-id=\"4898b99e\" data-element_type=\"widget\" data-settings=\"{&quot;navigation&quot;:&quot;both&quot;,&quot;autoplay&quot;:&quot;yes&quot;,&quot;pause_on_hover&quot;:&quot;yes&quot;,&quot;pause_on_interaction&quot;:&quot;yes&quot;,&quot;autoplay_speed&quot;:5000,&quot;infinite&quot;:&quot;yes&quot;,&quot;transition&quot;:&quot;slide&quot;,&quot;transition_speed&quot;:500,&quot;ekit_we_effect_on&quot;:&quot;none&quot;}\" data-widget_type=\"slides.default\">\n\t\t\t\t<div class=\"elementor-widget-container\">\n\t\t\t\t\t\t\t\t\t<div class=\"elementor-swiper\">\n\t\t\t\t\t<div class=\"elementor-slides-wrapper elementor-main-swiper swiper\" role=\"region\" aria-roledescription=\"carousel\" aria-label=\"Diapositivas\" dir=\"ltr\" data-animation=\"fadeInUp\">\n\t\t\t\t<div class=\"swiper-wrapper elementor-slides\">\n\t\t\t\t\t\t\t\t\t\t<div class=\"elementor-repeater-item-4625f9b swiper-slide\" role=\"group\" aria-roledescription=\"slide\"><div class=\"swiper-slide-bg\" role=\"img\"><\/div><div class=\"swiper-slide-inner\" ><div class=\"swiper-slide-contents\"><\/div><\/div><\/div><div class=\"elementor-repeater-item-e3e8562 swiper-slide\" role=\"group\" aria-roledescription=\"slide\"><div class=\"swiper-slide-bg\" role=\"img\"><\/div><div class=\"swiper-slide-inner\" ><div class=\"swiper-slide-contents\"><\/div><\/div><\/div><div class=\"elementor-repeater-item-cbfd1a3 swiper-slide\" role=\"group\" aria-roledescription=\"slide\"><div class=\"swiper-slide-bg\" role=\"img\"><\/div><div class=\"swiper-slide-inner\" ><div class=\"swiper-slide-contents\"><\/div><\/div><\/div><div class=\"elementor-repeater-item-01a124a swiper-slide\" role=\"group\" aria-roledescription=\"slide\"><div class=\"swiper-slide-bg\" role=\"img\"><\/div><div class=\"swiper-slide-inner\" ><div class=\"swiper-slide-contents\"><\/div><\/div><\/div><div class=\"elementor-repeater-item-2075222 swiper-slide\" role=\"group\" aria-roledescription=\"slide\"><div class=\"swiper-slide-bg\" role=\"img\"><\/div><div class=\"swiper-slide-inner\" ><div class=\"swiper-slide-contents\"><\/div><\/div><\/div><div class=\"elementor-repeater-item-a4fefaf swiper-slide\" role=\"group\" aria-roledescription=\"slide\"><div class=\"swiper-slide-bg\" role=\"img\"><\/div><div class=\"swiper-slide-inner\" ><div class=\"swiper-slide-contents\"><\/div><\/div><\/div>\t\t\t\t<\/div>\n\t\t\t\t\t\t\t\t\t\t\t\t\t\t\t<div class=\"elementor-swiper-button elementor-swiper-button-prev\" role=\"button\" tabindex=\"0\" aria-label=\"Diapositiva anterior\">\n\t\t\t\t\t\t\t<svg aria-hidden=\"true\" class=\"e-font-icon-svg e-eicon-chevron-left\" viewbox=\"0 0 1000 1000\" xmlns=\"http:\/\/www.w3.org\/2000\/svg\"><path d=\"M646 125C629 125 613 133 604 142L308 442C296 454 292 471 292 487 292 504 296 521 308 533L604 854C617 867 629 875 646 875 663 875 679 871 692 858 704 846 713 829 713 812 713 796 708 779 692 767L438 487 692 225C700 217 708 204 708 187 708 171 704 154 692 142 675 129 663 125 646 125Z\"><\/path><\/svg>\t\t\t\t\t\t<\/div>\n\t\t\t\t\t\t<div class=\"elementor-swiper-button elementor-swiper-button-next\" role=\"button\" tabindex=\"0\" aria-label=\"Siguiente diapositiva\">\n\t\t\t\t\t\t\t<svg aria-hidden=\"true\" class=\"e-font-icon-svg e-eicon-chevron-right\" viewbox=\"0 0 1000 1000\" xmlns=\"http:\/\/www.w3.org\/2000\/svg\"><path d=\"M696 533C708 521 713 504 713 487 713 471 708 454 696 446L400 146C388 133 375 125 354 125 338 125 325 129 313 142 300 154 292 171 292 187 292 204 296 221 308 233L563 492 304 771C292 783 288 800 288 817 288 833 296 850 308 863 321 871 338 875 354 875 371 875 388 867 400 854L696 533Z\"><\/path><\/svg>\t\t\t\t\t\t<\/div>\n\t\t\t\t\t\t\t\t\t\t\t\t\t\t\t\t<div class=\"swiper-pagination\"><\/div>\n\t\t\t\t\t\t\t\t\t\t\t\t<\/div>\n\t\t\t\t<\/div>\n\t\t\t\t\t\t\t\t<\/div>\n\t\t\t\t<\/div>\n\t\t\t\t<div class=\"elementor-element elementor-element-5cb0a734 elementor-widget elementor-widget-image\" data-id=\"5cb0a734\" data-element_type=\"widget\" data-settings=\"{&quot;ekit_we_effect_on&quot;:&quot;none&quot;}\" data-widget_type=\"image.default\">\n\t\t\t\t<div class=\"elementor-widget-container\">\n\t\t\t\t\t\t\t\t\t\t\t\t\t\t\t<img decoding=\"async\" width=\"1464\" height=\"600\" src=\"https:\/\/shopexceptional.shop\/wp-content\/uploads\/2026\/03\/2-45.jpg\" class=\"attachment-full size-full wp-image-2783 wvs-archive-product-image\" alt=\"\" srcset=\"https:\/\/shopexceptional.shop\/wp-content\/uploads\/2026\/03\/2-45.jpg 1464w, https:\/\/shopexceptional.shop\/wp-content\/uploads\/2026\/03\/2-45-300x123.jpg 300w, https:\/\/shopexceptional.shop\/wp-content\/uploads\/2026\/03\/2-45-1024x420.jpg 1024w, https:\/\/shopexceptional.shop\/wp-content\/uploads\/2026\/03\/2-45-768x315.jpg 768w, https:\/\/shopexceptional.shop\/wp-content\/uploads\/2026\/03\/2-45-18x7.jpg 18w, https:\/\/shopexceptional.shop\/wp-content\/uploads\/2026\/03\/2-45-110x45.jpg 110w, https:\/\/shopexceptional.shop\/wp-content\/uploads\/2026\/03\/2-45-60x25.jpg 60w, https:\/\/shopexceptional.shop\/wp-content\/uploads\/2026\/03\/2-45-600x246.jpg 600w\" sizes=\"(max-width: 1464px) 100vw, 1464px\" \/>\t\t\t\t\t\t\t\t\t\t\t\t\t\t\t<\/div>\n\t\t\t\t<\/div>\n\t\t\t\t<div class=\"elementor-element elementor-element-35de23c2 elementor-widget elementor-widget-image\" data-id=\"35de23c2\" data-element_type=\"widget\" data-settings=\"{&quot;ekit_we_effect_on&quot;:&quot;none&quot;}\" data-widget_type=\"image.default\">\n\t\t\t\t<div class=\"elementor-widget-container\">\n\t\t\t\t\t\t\t\t\t\t\t\t\t\t\t<img decoding=\"async\" width=\"1464\" height=\"600\" src=\"https:\/\/shopexceptional.shop\/wp-content\/uploads\/2026\/03\/3-43.jpg\" class=\"attachment-full size-full wp-image-2784 wvs-archive-product-image\" alt=\"\" srcset=\"https:\/\/shopexceptional.shop\/wp-content\/uploads\/2026\/03\/3-43.jpg 1464w, https:\/\/shopexceptional.shop\/wp-content\/uploads\/2026\/03\/3-43-300x123.jpg 300w, https:\/\/shopexceptional.shop\/wp-content\/uploads\/2026\/03\/3-43-1024x420.jpg 1024w, https:\/\/shopexceptional.shop\/wp-content\/uploads\/2026\/03\/3-43-768x315.jpg 768w, https:\/\/shopexceptional.shop\/wp-content\/uploads\/2026\/03\/3-43-18x7.jpg 18w, https:\/\/shopexceptional.shop\/wp-content\/uploads\/2026\/03\/3-43-110x45.jpg 110w, https:\/\/shopexceptional.shop\/wp-content\/uploads\/2026\/03\/3-43-60x25.jpg 60w, https:\/\/shopexceptional.shop\/wp-content\/uploads\/2026\/03\/3-43-600x246.jpg 600w\" sizes=\"(max-width: 1464px) 100vw, 1464px\" \/>\t\t\t\t\t\t\t\t\t\t\t\t\t\t\t<\/div>\n\t\t\t\t<\/div>\n\t\t\t\t<div class=\"elementor-element elementor-element-54a749c2 elementor-widget elementor-widget-text-editor\" data-id=\"54a749c2\" data-element_type=\"widget\" data-settings=\"{&quot;ekit_we_effect_on&quot;:&quot;none&quot;}\" data-widget_type=\"text-editor.default\">\n\t\t\t\t<div class=\"elementor-widget-container\">\n\t\t\t\t\t\t\t\t\t<!DOCTYPE html>\n<html lang=\"en\">\n<head>\n<meta charset=\"UTF-8\">\n<meta name=\"viewport\" content=\"width=device-width, initial-scale=1.0\">\n<title>Product Specifications<\/title>\n<style>\n  * {\n    margin: 0;\n    padding: 0;\n    box-sizing: border-box;\n  }\n  body {\n    background: transparent;\n    font-family: 'Inter', 'Segoe UI', system-ui, sans-serif;\n    -webkit-font-smoothing: antialiased;\n    padding: 20px 0;\n  }\n  .spec-table {\n    width: 100%;\n    border-collapse: collapse;\n    font-size: 14px;\n    line-height: 1.8;\n  }\n  .spec-table tr {\n    border-bottom: 1px solid #e6eef7;\n  }\n  .spec-table td:nth-child(1),\n  .spec-table td:nth-child(3) {\n    width: 20%;\n    font-weight: 500;\n    color: #2d70b3;\n    background: #f5f9ff;\n    padding: 14px 16px;\n    text-align: left;\n    vertical-align: top;\n    word-break: break-word;\n  }\n  .spec-table td:nth-child(2),\n  .spec-table td:nth-child(4) {\n    width: 30%;\n    color: #333;\n    background: #ffffff;\n    padding: 14px 16px;\n    text-align: left;\n    vertical-align: top;\n    word-break: break-word;\n  }\n<\/style>\n<\/head>\n<body>\n\n<table class=\"spec-table\">\n  <tr>\n    <td>Marca<\/td>\n    <td>B&amp;Qaugen<\/td>\n    <td>Nombre del producto<\/td>\n    <td>Kit de racimos de pesta\u00f1as Fairy Manga<\/td>\n  <\/tr>\n  <tr>\n    <td>Material<\/td>\n    <td>Fibra sint\u00e9tica de alta calidad<\/td>\n    <td>Cantidad<\/td>\n    <td>72 racimos por bandeja<\/td>\n  <\/tr>\n  <tr>\n    <td>Tipo de banda<\/td>\n    <td>Banda ultrafina invisible<\/td>\n    <td>Estilo<\/td>\n    <td>Manga \/ Hadas \/ Pinchos<\/td>\n  <\/tr>\n  <tr>\n    <td>Aplicaci\u00f3n<\/td>\n    <td>Extensiones de pesta\u00f1as caseras<\/td>\n    <td>Caracter\u00edsticas<\/td>\n    <td>Suave, ligero, reutilizable<\/td>\n  <\/tr>\n<\/table>\n\n<\/body>\n<\/html>\t\t\t\t\t\t\t\t<\/div>\n\t\t\t\t<\/div>\n\t\t\t\t\t<\/div>\n\t\t\t\t<\/div>\n\t\t\t\t<\/div>","protected":false},"excerpt":{"rendered":"<p>Product Specifications Brand B&#038;Qaugen Product Name Fairy Manga Lash Clusters Kit Material Premium Synthetic Fiber Quantity 72 Clusters per Tray Band Type Invisible Ultra-Thin Band Style Manga \/ Fairy \/ Spiky Application DIY At-Home Lash Extensions Features Soft, Lightweight, Reusable<\/p>","protected":false},"featured_media":2763,"comment_status":"open","ping_status":"closed","template":"","meta":{"_acf_changed":false},"product_brand":[],"product_cat":[35],"product_tag":[],"class_list":{"0":"post-2762","1":"product","2":"type-product","3":"status-publish","4":"has-post-thumbnail","6":"product_cat-sale","8":"first","9":"instock","10":"sale","11":"shipping-taxable","12":"purchasable","13":"product-type-simple"},"acf":[],"_links":{"self":[{"href":"https:\/\/shopexceptional.shop\/es\/wp-json\/wp\/v2\/product\/2762","targetHints":{"allow":["GET"]}}],"collection":[{"href":"https:\/\/shopexceptional.shop\/es\/wp-json\/wp\/v2\/product"}],"about":[{"href":"https:\/\/shopexceptional.shop\/es\/wp-json\/wp\/v2\/types\/product"}],"replies":[{"embeddable":true,"href":"https:\/\/shopexceptional.shop\/es\/wp-json\/wp\/v2\/comments?post=2762"}],"version-history":[{"count":0,"href":"https:\/\/shopexceptional.shop\/es\/wp-json\/wp\/v2\/product\/2762\/revisions"}],"wp:featuredmedia":[{"embeddable":true,"href":"https:\/\/shopexceptional.shop\/es\/wp-json\/wp\/v2\/media\/2763"}],"wp:attachment":[{"href":"https:\/\/shopexceptional.shop\/es\/wp-json\/wp\/v2\/media?parent=2762"}],"wp:term":[{"taxonomy":"product_brand","embeddable":true,"href":"https:\/\/shopexceptional.shop\/es\/wp-json\/wp\/v2\/product_brand?post=2762"},{"taxonomy":"product_cat","embeddable":true,"href":"https:\/\/shopexceptional.shop\/es\/wp-json\/wp\/v2\/product_cat?post=2762"},{"taxonomy":"product_tag","embeddable":true,"href":"https:\/\/shopexceptional.shop\/es\/wp-json\/wp\/v2\/product_tag?post=2762"}],"curies":[{"name":"wp","href":"https:\/\/api.w.org\/{rel}","templated":true}]}}