{"id":2795,"date":"2026-03-31T02:40:08","date_gmt":"2026-03-31T02:40:08","guid":{"rendered":"https:\/\/shopexceptional.shop\/?post_type=product&#038;p=2795"},"modified":"2026-03-31T02:47:32","modified_gmt":"2026-03-31T02:47:32","slug":"womens-solid-color-quilted-tote-bag-lightweight-puffer-design-shoulder-bag-for-travel-work-beach-casual-trendy-versatile-high-quality-daily-commuting-bag-womens-bags","status":"publish","type":"product","link":"https:\/\/shopexceptional.shop\/es\/producto\/womens-solid-color-quilted-tote-bag-lightweight-puffer-design-shoulder-bag-for-travel-work-beach-casual-trendy-versatile-high-quality-daily-commuting-bag-womens-bags\/","title":{"rendered":"Bolso acolchado de color s\u00f3lido para mujer, bolso de hombro ligero con dise\u00f1o acolchado para viajes, trabajo y playa, bolso de viaje diario de moda, casual, vers\u00e1til y de alta calidad, bolsos para mujer"},"content":{"rendered":"<div data-elementor-type=\"product-post\" data-elementor-id=\"2795\" class=\"elementor elementor-2795\" data-elementor-post-type=\"product\">\n\t\t\t\t<div class=\"elementor-element elementor-element-1c138bae e-flex e-con-boxed e-con e-parent\" data-id=\"1c138bae\" data-element_type=\"container\" data-settings=\"{&quot;ekit_has_onepagescroll_dot&quot;:&quot;yes&quot;}\">\n\t\t\t\t\t<div class=\"e-con-inner\">\n\t\t<div class=\"elementor-element elementor-element-354a9f7e e-con-full e-flex e-con e-child\" data-id=\"354a9f7e\" data-element_type=\"container\" data-settings=\"{&quot;ekit_has_onepagescroll_dot&quot;:&quot;yes&quot;}\">\n\t\t\t\t<div class=\"elementor-element elementor-element-2c4434dc elementor-widget elementor-widget-video\" data-id=\"2c4434dc\" data-element_type=\"widget\" data-settings=\"{&quot;video_type&quot;:&quot;hosted&quot;,&quot;controls&quot;:&quot;yes&quot;,&quot;ekit_we_effect_on&quot;:&quot;none&quot;}\" data-widget_type=\"video.default\">\n\t\t\t\t<div class=\"elementor-widget-container\">\n\t\t\t\t\t\t\t<div class=\"e-hosted-video elementor-wrapper elementor-open-inline\">\n\t\t\t\t\t<video class=\"elementor-video\" src=\"https:\/\/shopexceptional.shop\/wp-content\/uploads\/2026\/03\/video_2026-02-09_20-02-18.mp4\" controls=\"\" preload=\"metadata\" controlslist=\"nodownload\"><\/video>\n\t\t\t\t<\/div>\n\t\t\t\t\t\t<\/div>\n\t\t\t\t<\/div>\n\t\t\t\t<\/div>\n\t\t<div class=\"elementor-element elementor-element-26093b41 e-con-full e-flex e-con e-child\" data-id=\"26093b41\" data-element_type=\"container\" data-settings=\"{&quot;ekit_has_onepagescroll_dot&quot;:&quot;yes&quot;}\">\n\t\t\t\t<div class=\"elementor-element elementor-element-4a64970f elementor-widget elementor-widget-text-editor\" data-id=\"4a64970f\" data-element_type=\"widget\" data-settings=\"{&quot;ekit_we_effect_on&quot;:&quot;none&quot;}\" data-widget_type=\"text-editor.default\">\n\t\t\t\t<div class=\"elementor-widget-container\">\n\t\t\t\t\t\t\t\t\t<!DOCTYPE html>\n<html lang=\"es\">\n<head>\n    <meta charset=\"UTF-8\">\n    <meta name=\"viewport\" content=\"width=device-width, initial-scale=1.0\">\n    <title>Detalles del Producto<\/title>\n    <style>\n        * {\n            margin: 0;\n            padding: 0;\n            box-sizing: border-box;\n        }\n        \n        body {\n            font-family: -apple-system, BlinkMacSystemFont, 'Segoe UI', Roboto, sans-serif;\n            background-color: #f8f9fa;\n            color: #333;\n            line-height: 1.5;\n            padding: 16px;\n        }\n        \n        .details-container {\n            max-width: 800px;\n            margin: 0 auto;\n            background-color: #fff;\n            border-radius: 12px;\n            overflow: hidden;\n            box-shadow: 0 2px 12px rgba(0,0,0,0.08);\n        }\n        \n        .details-table {\n            width: 100%;\n        }\n        \n        .detail-row {\n            display: flex;\n            border-bottom: 1px solid #e2e8f0;\n            min-height: 56px;\n            align-items: center;\n        }\n        \n        .detail-row:last-child {\n            border-bottom: none;\n        }\n        \n        .detail-label {\n            font-weight: 600;\n            color: #2d3748;\n            padding: 16px;\n            width: 45%;\n            font-size: 15px;\n            background-color: #fafafa;\n        }\n        \n        .detail-value {\n            padding: 16px;\n            width: 55%;\n            font-size: 15px;\n            color: #4a5568;\n        }\n        \n        \/* Desktop *\/\n        @media (min-width: 768px) {\n            body {\n                padding: 24px;\n            }\n            \n            .details-container {\n                border-radius: 16px;\n                box-shadow: 0 4px 20px rgba(0,0,0,0.1);\n            }\n            \n            .detail-label, .detail-value {\n                padding: 18px 24px;\n                font-size: 16px;\n            }\n            \n            .detail-label {\n                width: 40%;\n            }\n            \n            .detail-value {\n                width: 60%;\n            }\n        }\n        \n        \/* Mobile small screens *\/\n        @media (max-width: 480px) {\n            .detail-row {\n                flex-direction: column;\n                align-items: flex-start;\n                padding: 12px 16px;\n                min-height: auto;\n            }\n            \n            .detail-label, .detail-value {\n                width: 100%;\n                padding: 6px 0;\n            }\n            \n            .detail-label {\n                background-color: transparent;\n                font-weight: 700;\n                padding-top: 0;\n            }\n            \n            .detail-value {\n                padding-bottom: 8px;\n                color: #5a6c7d;\n            }\n        }\n        \n        \/* Dark mode *\/\n        @media (prefers-color-scheme: dark) {\n            body {\n                background-color: #1a202c;\n                color: #e2e8f0;\n            }\n            \n            .details-container {\n                background-color: #2d3748;\n                box-shadow: 0 2px 12px rgba(0,0,0,0.3);\n            }\n            \n            .detail-row {\n                border-bottom-color: #4a5568;\n            }\n            \n            .detail-label {\n                color: #cbd5e0;\n                background-color: #343f52;\n            }\n            \n            .detail-value {\n                color: #a0aec0;\n            }\n        }\n    <\/style>\n<\/head>\n<body>\n    <div class=\"details-container\">\n        <div class=\"details-table\">\n            <div class=\"detail-row\">\n                <div class=\"detail-label\">Detalles del producto<\/div>\n                <div class=\"detail-value\"><\/div>\n            <\/div>\n            <div class=\"detail-row\">\n                <div class=\"detail-label\">N\u00famero de modelo<\/div>\n                <div class=\"detail-value\">YT-608<\/div>\n            <\/div>\n            <div class=\"detail-row\">\n                <div class=\"detail-label\">Departamento<\/div>\n                <div class=\"detail-value\">Mujeres<\/div>\n            <\/div>\n            <div class=\"detail-row\">\n                <div class=\"detail-label\">Fecha de disponibilidad<\/div>\n                <div class=\"detail-value\">6 de diciembre de 2025<\/div>\n            <\/div>\n        <\/div>\n    <\/div>\n<\/body>\n<\/html>\t\t\t\t\t\t\t\t<\/div>\n\t\t\t\t<\/div>\n\t\t\t\t<\/div>\n\t\t\t\t\t<\/div>\n\t\t\t\t<\/div>\n\t\t<div class=\"elementor-element elementor-element-527f5e04 e-flex e-con-boxed e-con e-parent\" data-id=\"527f5e04\" data-element_type=\"container\" data-settings=\"{&quot;ekit_has_onepagescroll_dot&quot;:&quot;yes&quot;}\">\n\t\t\t\t\t<div class=\"e-con-inner\">\n\t\t\t\t<div class=\"elementor-element elementor-element-31dad41e elementor-widget elementor-widget-image\" data-id=\"31dad41e\" data-element_type=\"widget\" data-settings=\"{&quot;ekit_we_effect_on&quot;:&quot;none&quot;}\" data-widget_type=\"image.default\">\n\t\t\t\t<div class=\"elementor-widget-container\">\n\t\t\t\t\t\t\t\t\t\t\t\t\t\t\t<img fetchpriority=\"high\" decoding=\"async\" width=\"1464\" height=\"600\" src=\"https:\/\/shopexceptional.shop\/wp-content\/uploads\/2026\/03\/5e440232-fc76-45dd-ae0a-07f2aef543c4.__CR0043921800_PT0_SX1464_V1___.jpg\" class=\"attachment-full size-full wp-image-2812 wvs-archive-product-image\" alt=\"\" srcset=\"https:\/\/shopexceptional.shop\/wp-content\/uploads\/2026\/03\/5e440232-fc76-45dd-ae0a-07f2aef543c4.__CR0043921800_PT0_SX1464_V1___.jpg 1464w, https:\/\/shopexceptional.shop\/wp-content\/uploads\/2026\/03\/5e440232-fc76-45dd-ae0a-07f2aef543c4.__CR0043921800_PT0_SX1464_V1___-300x123.jpg 300w, https:\/\/shopexceptional.shop\/wp-content\/uploads\/2026\/03\/5e440232-fc76-45dd-ae0a-07f2aef543c4.__CR0043921800_PT0_SX1464_V1___-1024x420.jpg 1024w, https:\/\/shopexceptional.shop\/wp-content\/uploads\/2026\/03\/5e440232-fc76-45dd-ae0a-07f2aef543c4.__CR0043921800_PT0_SX1464_V1___-768x315.jpg 768w, https:\/\/shopexceptional.shop\/wp-content\/uploads\/2026\/03\/5e440232-fc76-45dd-ae0a-07f2aef543c4.__CR0043921800_PT0_SX1464_V1___-18x7.jpg 18w, https:\/\/shopexceptional.shop\/wp-content\/uploads\/2026\/03\/5e440232-fc76-45dd-ae0a-07f2aef543c4.__CR0043921800_PT0_SX1464_V1___-110x45.jpg 110w, https:\/\/shopexceptional.shop\/wp-content\/uploads\/2026\/03\/5e440232-fc76-45dd-ae0a-07f2aef543c4.__CR0043921800_PT0_SX1464_V1___-60x25.jpg 60w, https:\/\/shopexceptional.shop\/wp-content\/uploads\/2026\/03\/5e440232-fc76-45dd-ae0a-07f2aef543c4.__CR0043921800_PT0_SX1464_V1___-600x246.jpg 600w\" sizes=\"(max-width: 1464px) 100vw, 1464px\" \/>\t\t\t\t\t\t\t\t\t\t\t\t\t\t\t<\/div>\n\t\t\t\t<\/div>\n\t\t\t\t<div class=\"elementor-element elementor-element-5106ca8e elementor--h-position-center elementor--v-position-middle elementor-arrows-position-inside elementor-pagination-position-inside elementor-widget elementor-widget-slides\" data-id=\"5106ca8e\" data-element_type=\"widget\" data-settings=\"{&quot;navigation&quot;:&quot;both&quot;,&quot;autoplay&quot;:&quot;yes&quot;,&quot;pause_on_hover&quot;:&quot;yes&quot;,&quot;pause_on_interaction&quot;:&quot;yes&quot;,&quot;autoplay_speed&quot;:5000,&quot;infinite&quot;:&quot;yes&quot;,&quot;transition&quot;:&quot;slide&quot;,&quot;transition_speed&quot;:500,&quot;ekit_we_effect_on&quot;:&quot;none&quot;}\" data-widget_type=\"slides.default\">\n\t\t\t\t<div class=\"elementor-widget-container\">\n\t\t\t\t\t\t\t\t\t<div class=\"elementor-swiper\">\n\t\t\t\t\t<div class=\"elementor-slides-wrapper elementor-main-swiper swiper\" role=\"region\" aria-roledescription=\"carousel\" aria-label=\"Diapositivas\" dir=\"ltr\" data-animation=\"fadeInUp\">\n\t\t\t\t<div class=\"swiper-wrapper elementor-slides\">\n\t\t\t\t\t\t\t\t\t\t<div class=\"elementor-repeater-item-5c5092c swiper-slide\" role=\"group\" aria-roledescription=\"slide\"><div class=\"swiper-slide-bg\" role=\"img\"><\/div><div class=\"swiper-slide-inner\" ><div class=\"swiper-slide-contents\"><\/div><\/div><\/div><div class=\"elementor-repeater-item-88cc4e4 swiper-slide\" role=\"group\" aria-roledescription=\"slide\"><div class=\"swiper-slide-bg\" role=\"img\"><\/div><div class=\"swiper-slide-inner\" ><div class=\"swiper-slide-contents\"><\/div><\/div><\/div>\t\t\t\t<\/div>\n\t\t\t\t\t\t\t\t\t\t\t\t\t\t\t<div class=\"elementor-swiper-button elementor-swiper-button-prev\" role=\"button\" tabindex=\"0\" aria-label=\"Diapositiva anterior\">\n\t\t\t\t\t\t\t<svg aria-hidden=\"true\" class=\"e-font-icon-svg e-eicon-chevron-left\" viewbox=\"0 0 1000 1000\" xmlns=\"http:\/\/www.w3.org\/2000\/svg\"><path d=\"M646 125C629 125 613 133 604 142L308 442C296 454 292 471 292 487 292 504 296 521 308 533L604 854C617 867 629 875 646 875 663 875 679 871 692 858 704 846 713 829 713 812 713 796 708 779 692 767L438 487 692 225C700 217 708 204 708 187 708 171 704 154 692 142 675 129 663 125 646 125Z\"><\/path><\/svg>\t\t\t\t\t\t<\/div>\n\t\t\t\t\t\t<div class=\"elementor-swiper-button elementor-swiper-button-next\" role=\"button\" tabindex=\"0\" aria-label=\"Siguiente diapositiva\">\n\t\t\t\t\t\t\t<svg aria-hidden=\"true\" class=\"e-font-icon-svg e-eicon-chevron-right\" viewbox=\"0 0 1000 1000\" xmlns=\"http:\/\/www.w3.org\/2000\/svg\"><path d=\"M696 533C708 521 713 504 713 487 713 471 708 454 696 446L400 146C388 133 375 125 354 125 338 125 325 129 313 142 300 154 292 171 292 187 292 204 296 221 308 233L563 492 304 771C292 783 288 800 288 817 288 833 296 850 308 863 321 871 338 875 354 875 371 875 388 867 400 854L696 533Z\"><\/path><\/svg>\t\t\t\t\t\t<\/div>\n\t\t\t\t\t\t\t\t\t\t\t\t\t\t\t\t<div class=\"swiper-pagination\"><\/div>\n\t\t\t\t\t\t\t\t\t\t\t\t<\/div>\n\t\t\t\t<\/div>\n\t\t\t\t\t\t\t\t<\/div>\n\t\t\t\t<\/div>\n\t\t\t\t<div class=\"elementor-element elementor-element-3f954a55 elementor--h-position-center elementor--v-position-middle elementor-arrows-position-inside elementor-pagination-position-inside elementor-widget elementor-widget-slides\" data-id=\"3f954a55\" data-element_type=\"widget\" data-settings=\"{&quot;navigation&quot;:&quot;both&quot;,&quot;autoplay&quot;:&quot;yes&quot;,&quot;pause_on_hover&quot;:&quot;yes&quot;,&quot;pause_on_interaction&quot;:&quot;yes&quot;,&quot;autoplay_speed&quot;:5000,&quot;infinite&quot;:&quot;yes&quot;,&quot;transition&quot;:&quot;slide&quot;,&quot;transition_speed&quot;:500,&quot;ekit_we_effect_on&quot;:&quot;none&quot;}\" data-widget_type=\"slides.default\">\n\t\t\t\t<div class=\"elementor-widget-container\">\n\t\t\t\t\t\t\t\t\t<div class=\"elementor-swiper\">\n\t\t\t\t\t<div class=\"elementor-slides-wrapper elementor-main-swiper swiper\" role=\"region\" aria-roledescription=\"carousel\" aria-label=\"Diapositivas\" dir=\"ltr\" data-animation=\"fadeInUp\">\n\t\t\t\t<div class=\"swiper-wrapper elementor-slides\">\n\t\t\t\t\t\t\t\t\t\t<div class=\"elementor-repeater-item-a693ee4 swiper-slide\" role=\"group\" aria-roledescription=\"slide\"><div class=\"swiper-slide-bg\" role=\"img\"><\/div><div class=\"swiper-slide-inner\" ><div class=\"swiper-slide-contents\"><\/div><\/div><\/div><div class=\"elementor-repeater-item-6edeeb9 swiper-slide\" role=\"group\" aria-roledescription=\"slide\"><div class=\"swiper-slide-bg\" role=\"img\"><\/div><div class=\"swiper-slide-inner\" ><div class=\"swiper-slide-contents\"><\/div><\/div><\/div>\t\t\t\t<\/div>\n\t\t\t\t\t\t\t\t\t\t\t\t\t\t\t<div class=\"elementor-swiper-button elementor-swiper-button-prev\" role=\"button\" tabindex=\"0\" aria-label=\"Diapositiva anterior\">\n\t\t\t\t\t\t\t<svg aria-hidden=\"true\" class=\"e-font-icon-svg e-eicon-chevron-left\" viewbox=\"0 0 1000 1000\" xmlns=\"http:\/\/www.w3.org\/2000\/svg\"><path d=\"M646 125C629 125 613 133 604 142L308 442C296 454 292 471 292 487 292 504 296 521 308 533L604 854C617 867 629 875 646 875 663 875 679 871 692 858 704 846 713 829 713 812 713 796 708 779 692 767L438 487 692 225C700 217 708 204 708 187 708 171 704 154 692 142 675 129 663 125 646 125Z\"><\/path><\/svg>\t\t\t\t\t\t<\/div>\n\t\t\t\t\t\t<div class=\"elementor-swiper-button elementor-swiper-button-next\" role=\"button\" tabindex=\"0\" aria-label=\"Siguiente diapositiva\">\n\t\t\t\t\t\t\t<svg aria-hidden=\"true\" class=\"e-font-icon-svg e-eicon-chevron-right\" viewbox=\"0 0 1000 1000\" xmlns=\"http:\/\/www.w3.org\/2000\/svg\"><path d=\"M696 533C708 521 713 504 713 487 713 471 708 454 696 446L400 146C388 133 375 125 354 125 338 125 325 129 313 142 300 154 292 171 292 187 292 204 296 221 308 233L563 492 304 771C292 783 288 800 288 817 288 833 296 850 308 863 321 871 338 875 354 875 371 875 388 867 400 854L696 533Z\"><\/path><\/svg>\t\t\t\t\t\t<\/div>\n\t\t\t\t\t\t\t\t\t\t\t\t\t\t\t\t<div class=\"swiper-pagination\"><\/div>\n\t\t\t\t\t\t\t\t\t\t\t\t<\/div>\n\t\t\t\t<\/div>\n\t\t\t\t\t\t\t\t<\/div>\n\t\t\t\t<\/div>\n\t\t\t\t<div class=\"elementor-element elementor-element-20dc9110 elementor--h-position-center elementor--v-position-middle elementor-arrows-position-inside elementor-pagination-position-inside elementor-widget elementor-widget-slides\" data-id=\"20dc9110\" data-element_type=\"widget\" data-settings=\"{&quot;navigation&quot;:&quot;both&quot;,&quot;autoplay&quot;:&quot;yes&quot;,&quot;pause_on_hover&quot;:&quot;yes&quot;,&quot;pause_on_interaction&quot;:&quot;yes&quot;,&quot;autoplay_speed&quot;:5000,&quot;infinite&quot;:&quot;yes&quot;,&quot;transition&quot;:&quot;slide&quot;,&quot;transition_speed&quot;:500,&quot;ekit_we_effect_on&quot;:&quot;none&quot;}\" data-widget_type=\"slides.default\">\n\t\t\t\t<div class=\"elementor-widget-container\">\n\t\t\t\t\t\t\t\t\t<div class=\"elementor-swiper\">\n\t\t\t\t\t<div class=\"elementor-slides-wrapper elementor-main-swiper swiper\" role=\"region\" aria-roledescription=\"carousel\" aria-label=\"Diapositivas\" dir=\"ltr\" data-animation=\"fadeInUp\">\n\t\t\t\t<div class=\"swiper-wrapper elementor-slides\">\n\t\t\t\t\t\t\t\t\t\t<div class=\"elementor-repeater-item-a693ee4 swiper-slide\" role=\"group\" aria-roledescription=\"slide\"><div class=\"swiper-slide-bg\" role=\"img\"><\/div><div class=\"swiper-slide-inner\" ><div class=\"swiper-slide-contents\"><\/div><\/div><\/div><div class=\"elementor-repeater-item-6edeeb9 swiper-slide\" role=\"group\" aria-roledescription=\"slide\"><div class=\"swiper-slide-bg\" role=\"img\"><\/div><div class=\"swiper-slide-inner\" ><div class=\"swiper-slide-contents\"><\/div><\/div><\/div>\t\t\t\t<\/div>\n\t\t\t\t\t\t\t\t\t\t\t\t\t\t\t<div class=\"elementor-swiper-button elementor-swiper-button-prev\" role=\"button\" tabindex=\"0\" aria-label=\"Diapositiva anterior\">\n\t\t\t\t\t\t\t<svg aria-hidden=\"true\" class=\"e-font-icon-svg e-eicon-chevron-left\" viewbox=\"0 0 1000 1000\" xmlns=\"http:\/\/www.w3.org\/2000\/svg\"><path d=\"M646 125C629 125 613 133 604 142L308 442C296 454 292 471 292 487 292 504 296 521 308 533L604 854C617 867 629 875 646 875 663 875 679 871 692 858 704 846 713 829 713 812 713 796 708 779 692 767L438 487 692 225C700 217 708 204 708 187 708 171 704 154 692 142 675 129 663 125 646 125Z\"><\/path><\/svg>\t\t\t\t\t\t<\/div>\n\t\t\t\t\t\t<div class=\"elementor-swiper-button elementor-swiper-button-next\" role=\"button\" tabindex=\"0\" aria-label=\"Siguiente diapositiva\">\n\t\t\t\t\t\t\t<svg aria-hidden=\"true\" class=\"e-font-icon-svg e-eicon-chevron-right\" viewbox=\"0 0 1000 1000\" xmlns=\"http:\/\/www.w3.org\/2000\/svg\"><path d=\"M696 533C708 521 713 504 713 487 713 471 708 454 696 446L400 146C388 133 375 125 354 125 338 125 325 129 313 142 300 154 292 171 292 187 292 204 296 221 308 233L563 492 304 771C292 783 288 800 288 817 288 833 296 850 308 863 321 871 338 875 354 875 371 875 388 867 400 854L696 533Z\"><\/path><\/svg>\t\t\t\t\t\t<\/div>\n\t\t\t\t\t\t\t\t\t\t\t\t\t\t\t\t<div class=\"swiper-pagination\"><\/div>\n\t\t\t\t\t\t\t\t\t\t\t\t<\/div>\n\t\t\t\t<\/div>\n\t\t\t\t\t\t\t\t<\/div>\n\t\t\t\t<\/div>\n\t\t\t\t<div class=\"elementor-element elementor-element-14d45505 elementor-arrows-position-inside elementor-pagination-position-outside elementor-widget elementor-widget-image-carousel\" data-id=\"14d45505\" data-element_type=\"widget\" data-settings=\"{&quot;slides_to_show&quot;:&quot;1&quot;,&quot;navigation&quot;:&quot;both&quot;,&quot;autoplay&quot;:&quot;yes&quot;,&quot;pause_on_hover&quot;:&quot;yes&quot;,&quot;pause_on_interaction&quot;:&quot;yes&quot;,&quot;autoplay_speed&quot;:5000,&quot;infinite&quot;:&quot;yes&quot;,&quot;effect&quot;:&quot;slide&quot;,&quot;speed&quot;:500,&quot;ekit_we_effect_on&quot;:&quot;none&quot;}\" data-widget_type=\"image-carousel.default\">\n\t\t\t\t<div class=\"elementor-widget-container\">\n\t\t\t\t\t\t\t<div class=\"elementor-image-carousel-wrapper swiper\" role=\"region\" aria-roledescription=\"carousel\" aria-label=\"Carrusel de im\u00e1genes\" dir=\"ltr\">\n\t\t\t<div class=\"elementor-image-carousel swiper-wrapper\" aria-live=\"off\">\n\t\t\t\t\t\t\t\t<div class=\"swiper-slide\" role=\"group\" aria-roledescription=\"slide\" aria-label=\"1 de 5\"><figure class=\"swiper-slide-inner\"><img decoding=\"async\" class=\"swiper-slide-image\" src=\"https:\/\/shopexceptional.shop\/wp-content\/uploads\/2026\/03\/c62def3a-58b1-4781-bc21-247e60870004.__CR0043921800_PT0_SX1464_V1___.jpg\" alt=\"c62def3a-58b1-4781-bc21-247e60870004.__CR0043921800_PT0_SX1464_V1___.jpg\" \/><\/figure><\/div><div class=\"swiper-slide\" role=\"group\" aria-roledescription=\"slide\" aria-label=\"2 de 5\"><figure class=\"swiper-slide-inner\"><img decoding=\"async\" class=\"swiper-slide-image\" src=\"https:\/\/shopexceptional.shop\/wp-content\/uploads\/2026\/03\/5da08ef2-9299-4838-afaf-ba2149b7bd81.__CR0043921800_PT0_SX1464_V1___.jpg\" alt=\"5da08ef2-9299-4838-afaf-ba2149b7bd81.__CR0043921800_PT0_SX1464_V1___.jpg\" \/><\/figure><\/div><div class=\"swiper-slide\" role=\"group\" aria-roledescription=\"slide\" aria-label=\"3 de 5\"><figure class=\"swiper-slide-inner\"><img decoding=\"async\" class=\"swiper-slide-image\" src=\"https:\/\/shopexceptional.shop\/wp-content\/uploads\/2026\/03\/72f59570-792f-4c0c-92f4-4ee2286d937f.__CR0043921800_PT0_SX1464_V1___.jpg\" alt=\"72f59570-792f-4c0c-92f4-4ee2286d937f.__CR0043921800_PT0_SX1464_V1___.jpg\" \/><\/figure><\/div><div class=\"swiper-slide\" role=\"group\" aria-roledescription=\"slide\" aria-label=\"4 de 5\"><figure class=\"swiper-slide-inner\"><img decoding=\"async\" class=\"swiper-slide-image\" src=\"https:\/\/shopexceptional.shop\/wp-content\/uploads\/2026\/03\/a28e6176-de9f-4e04-81b2-e479541f849b.__CR0043921800_PT0_SX1464_V1___.jpg\" alt=\"a28e6176-de9f-4e04-81b2-e479541f849b.__CR0043921800_PT0_SX1464_V1___.jpg\" \/><\/figure><\/div><div class=\"swiper-slide\" role=\"group\" aria-roledescription=\"slide\" aria-label=\"5 de 5\"><figure class=\"swiper-slide-inner\"><img decoding=\"async\" class=\"swiper-slide-image\" src=\"https:\/\/shopexceptional.shop\/wp-content\/uploads\/2026\/03\/b89ed011-2e6b-43a8-933f-8ec29ff88e0d.__CR0043921800_PT0_SX1464_V1___.jpg\" alt=\"b89ed011-2e6b-43a8-933f-8ec29ff88e0d.__CR0043921800_PT0_SX1464_V1___.jpg\" \/><\/figure><\/div>\t\t\t<\/div>\n\t\t\t\t\t\t\t\t\t\t\t\t<div class=\"elementor-swiper-button elementor-swiper-button-prev\" role=\"button\" tabindex=\"0\">\n\t\t\t\t\t\t<svg aria-hidden=\"true\" class=\"e-font-icon-svg e-eicon-chevron-left\" viewbox=\"0 0 1000 1000\" xmlns=\"http:\/\/www.w3.org\/2000\/svg\"><path d=\"M646 125C629 125 613 133 604 142L308 442C296 454 292 471 292 487 292 504 296 521 308 533L604 854C617 867 629 875 646 875 663 875 679 871 692 858 704 846 713 829 713 812 713 796 708 779 692 767L438 487 692 225C700 217 708 204 708 187 708 171 704 154 692 142 675 129 663 125 646 125Z\"><\/path><\/svg>\t\t\t\t\t<\/div>\n\t\t\t\t\t<div class=\"elementor-swiper-button elementor-swiper-button-next\" role=\"button\" tabindex=\"0\">\n\t\t\t\t\t\t<svg aria-hidden=\"true\" class=\"e-font-icon-svg e-eicon-chevron-right\" viewbox=\"0 0 1000 1000\" xmlns=\"http:\/\/www.w3.org\/2000\/svg\"><path d=\"M696 533C708 521 713 504 713 487 713 471 708 454 696 446L400 146C388 133 375 125 354 125 338 125 325 129 313 142 300 154 292 171 292 187 292 204 296 221 308 233L563 492 304 771C292 783 288 800 288 817 288 833 296 850 308 863 321 871 338 875 354 875 371 875 388 867 400 854L696 533Z\"><\/path><\/svg>\t\t\t\t\t<\/div>\n\t\t\t\t\n\t\t\t\t\t\t\t\t\t<div class=\"swiper-pagination\"><\/div>\n\t\t\t\t\t\t\t\t\t<\/div>\n\t\t\t\t\t\t<\/div>\n\t\t\t\t<\/div>\n\t\t\t\t\t<\/div>\n\t\t\t\t<\/div>\n\t\t\t\t<\/div>","protected":false},"excerpt":{"rendered":"<h3 class=\"product-facts-title\">Acerca de este art\u00edculo<\/h3>\n<div class=\"mt-4\" data-v-1233f838=\"\">\n<p class=\"ds-markdown-paragraph\"><strong>Tela suave acolchada:<\/strong>\u00a0Impermeable, c\u00f3moda y f\u00e1cil de limpiar. Perfecta para diario, trabajo y viajes.<\/p>\n<p class=\"ds-markdown-paragraph\"><strong>Almacenamiento organizado:<\/strong>\u00a0Compartimento acolchado para port\u00e1til 15.6\u2033, m\u00faltiples bolsillos para accesorios.<\/p>\n<p class=\"ds-markdown-paragraph\"><strong>Correas acolchadas:<\/strong>\u00a0Duraderas con tira para equipaje para transporte pr\u00e1ctico.<\/p>\n<p class=\"ds-markdown-paragraph\"><strong>Estilo funcional:<\/strong>\u00a041x16x31 cm (20L), compacto con cierre. Apto para profesional y casual.<\/p>\n<p class=\"ds-markdown-paragraph\"><strong>Multiusos:<\/strong>\u00a0Ideal para trabajo, gimnasio, escuela o viajes. Dise\u00f1o moderno, buen regalo.<\/p>\n<\/div>","protected":false},"featured_media":2800,"comment_status":"open","ping_status":"closed","template":"","meta":{"_acf_changed":false},"product_brand":[],"product_cat":[35],"product_tag":[],"class_list":{"0":"post-2795","1":"product","2":"type-product","3":"status-publish","4":"has-post-thumbnail","6":"product_cat-sale","8":"first","9":"instock","10":"sale","11":"shipping-taxable","12":"purchasable","13":"product-type-variable","14":"has-default-attributes","15":"wvs-archive-product-wrapper"},"acf":[],"_links":{"self":[{"href":"https:\/\/shopexceptional.shop\/es\/wp-json\/wp\/v2\/product\/2795","targetHints":{"allow":["GET"]}}],"collection":[{"href":"https:\/\/shopexceptional.shop\/es\/wp-json\/wp\/v2\/product"}],"about":[{"href":"https:\/\/shopexceptional.shop\/es\/wp-json\/wp\/v2\/types\/product"}],"replies":[{"embeddable":true,"href":"https:\/\/shopexceptional.shop\/es\/wp-json\/wp\/v2\/comments?post=2795"}],"version-history":[{"count":0,"href":"https:\/\/shopexceptional.shop\/es\/wp-json\/wp\/v2\/product\/2795\/revisions"}],"wp:featuredmedia":[{"embeddable":true,"href":"https:\/\/shopexceptional.shop\/es\/wp-json\/wp\/v2\/media\/2800"}],"wp:attachment":[{"href":"https:\/\/shopexceptional.shop\/es\/wp-json\/wp\/v2\/media?parent=2795"}],"wp:term":[{"taxonomy":"product_brand","embeddable":true,"href":"https:\/\/shopexceptional.shop\/es\/wp-json\/wp\/v2\/product_brand?post=2795"},{"taxonomy":"product_cat","embeddable":true,"href":"https:\/\/shopexceptional.shop\/es\/wp-json\/wp\/v2\/product_cat?post=2795"},{"taxonomy":"product_tag","embeddable":true,"href":"https:\/\/shopexceptional.shop\/es\/wp-json\/wp\/v2\/product_tag?post=2795"}],"curies":[{"name":"wp","href":"https:\/\/api.w.org\/{rel}","templated":true}]}}